{"id":432,"date":"2022-11-13T12:05:55","date_gmt":"2022-11-13T11:05:55","guid":{"rendered":"https:\/\/velocite-narbonne.fr\/?page_id=432"},"modified":"2024-04-17T09:45:40","modified_gmt":"2024-04-17T07:45:40","slug":"velos-a-vendre","status":"publish","type":"page","link":"https:\/\/velocite-narbonne.fr\/index.php\/velos-a-vendre\/","title":{"rendered":"V\u00e9los \u00e0 vendre"},"content":{"rendered":"\n<figure class=\"wp-block-image size-large\"><img decoding=\"async\" width=\"1024\" height=\"682\" data-src=\"https:\/\/velocite-narbonne.fr\/wp-content\/uploads\/2024\/04\/cycles-2293976_1280-1024x682.jpg\" alt=\"\" class=\"wp-image-2874 lazyload\" data-srcset=\"https:\/\/velocite-narbonne.fr\/wp-content\/uploads\/2024\/04\/cycles-2293976_1280-1024x682.jpg 1024w, https:\/\/velocite-narbonne.fr\/wp-content\/uploads\/2024\/04\/cycles-2293976_1280-300x200.jpg 300w, https:\/\/velocite-narbonne.fr\/wp-content\/uploads\/2024\/04\/cycles-2293976_1280-768x512.jpg 768w, https:\/\/velocite-narbonne.fr\/wp-content\/uploads\/2024\/04\/cycles-2293976_1280.jpg 1280w\" data-sizes=\"(max-width: 1024px) 100vw, 1024px\" src=\"data:image\/svg+xml;base64,PHN2ZyB3aWR0aD0iMSIgaGVpZ2h0PSIxIiB4bWxucz0iaHR0cDovL3d3dy53My5vcmcvMjAwMC9zdmciPjwvc3ZnPg==\" style=\"--smush-placeholder-width: 1024px; --smush-placeholder-aspect-ratio: 1024\/682;\" \/><\/figure>\n\n\n\n<p>V\u00e9locit\u00e9 retape des v\u00e9los qui lui sont confi\u00e9s. Il y en a toujours \u00e0 vendre. Venez faire un tour \u00e0 l&rsquo;atelier pour voir ceux qui sont disponibles.<\/p>\n\n\n\n<p>Tous les v\u00e9los r\u00e9nov\u00e9s dans notre atelier sont v\u00e9rifi\u00e9s sous toutes les coutures, nous faisons syst\u00e9matiquement les op\u00e9rations d&rsquo;entretien suivantes :<\/p>\n\n\n\n<ul class=\"wp-block-list\">\n<li>Tige de selle et jeu de direction graiss\u00e9es.<\/li>\n\n\n\n<li>Cadre, fourche et roues nettoy\u00e9es.<\/li>\n\n\n\n<li>Pneumatiques v\u00e9rifi\u00e9s et chang\u00e9s si besoin.<\/li>\n\n\n\n<li>Roulements de roues et bo\u00eetiers de p\u00e9daliers graiss\u00e9s.<\/li>\n\n\n\n<li>Changement de c\u00e2bles &amp; gaines de frein et de d\u00e9railleurs si besoin.<\/li>\n\n\n\n<li>V\u00e9rification des patins de frein et remplacement si besoin.<\/li>\n\n\n\n<li>V\u00e9rification des serrages (roues, potences&#8230;).<\/li>\n\n\n\n<li>Kit \u00e9clairage.<\/li>\n<\/ul>\n\n\n\n<p class=\"has-vivid-red-color has-text-color has-link-color wp-elements-6d1d4804815203a13c079bef00eced75\"><strong>Pour tout achat d&rsquo;un v\u00e9lo, l&rsquo;adh\u00e9sion annuelle est offerte.<\/strong><\/p>\n","protected":false},"excerpt":{"rendered":"<p>V\u00e9locit\u00e9 retape des v\u00e9los qui lui sont confi\u00e9s. Il y en a toujours \u00e0 vendre. Venez faire un tour \u00e0 l&rsquo;atelier pour voir ceux qui [&#8230;]<\/p>\n","protected":false},"author":20,"featured_media":0,"parent":0,"menu_order":0,"comment_status":"closed","ping_status":"closed","template":"","meta":{"footnotes":""},"class_list":["post-432","page","type-page","status-publish","hentry"],"yoast_head":"<!-- This site is optimized with the Yoast SEO plugin v27.4 - https:\/\/yoast.com\/product\/yoast-seo-wordpress\/ -->\n<title>V\u00e9los \u00e0 vendre - V\u00e9locit\u00e9 Narbonne<\/title>\n<meta name=\"description\" content=\"V\u00e9locit\u00e9 Narbonne vend des v\u00e9los reconditionn\u00e9s par ses soins. Vous pouvez voir ceux qui sont disponibles \u00e0 l&#039;atelier.\" \/>\n<meta name=\"robots\" content=\"index, follow, max-snippet:-1, max-image-preview:large, max-video-preview:-1\" \/>\n<link rel=\"canonical\" href=\"https:\/\/velocite-narbonne.fr\/index.php\/velos-a-vendre\/\" \/>\n<meta property=\"og:locale\" content=\"fr_FR\" \/>\n<meta property=\"og:type\" content=\"article\" \/>\n<meta property=\"og:title\" content=\"V\u00e9los \u00e0 vendre - V\u00e9locit\u00e9 Narbonne\" \/>\n<meta property=\"og:description\" content=\"V\u00e9locit\u00e9 Narbonne vend des v\u00e9los reconditionn\u00e9s par ses soins. Vous pouvez voir ceux qui sont disponibles \u00e0 l&#039;atelier.\" \/>\n<meta property=\"og:url\" content=\"https:\/\/velocite-narbonne.fr\/index.php\/velos-a-vendre\/\" \/>\n<meta property=\"og:site_name\" content=\"V\u00e9locit\u00e9 Narbonne\" \/>\n<meta property=\"article:modified_time\" content=\"2024-04-17T07:45:40+00:00\" \/>\n<meta property=\"og:image\" content=\"https:\/\/velocite-narbonne.fr\/wp-content\/uploads\/2024\/04\/cycles-2293976_1280-1024x682.jpg\" \/>\n<meta name=\"twitter:card\" content=\"summary_large_image\" \/>\n<meta name=\"twitter:label1\" content=\"Dur\u00e9e de lecture estim\u00e9e\" \/>\n\t<meta name=\"twitter:data1\" content=\"1 minute\" \/>\n<script type=\"application\/ld+json\" class=\"yoast-schema-graph\">{\"@context\":\"https:\\\/\\\/schema.org\",\"@graph\":[{\"@type\":\"WebPage\",\"@id\":\"https:\\\/\\\/velocite-narbonne.fr\\\/index.php\\\/velos-a-vendre\\\/\",\"url\":\"https:\\\/\\\/velocite-narbonne.fr\\\/index.php\\\/velos-a-vendre\\\/\",\"name\":\"V\u00e9los \u00e0 vendre - V\u00e9locit\u00e9 Narbonne\",\"isPartOf\":{\"@id\":\"https:\\\/\\\/velocite-narbonne.fr\\\/#website\"},\"primaryImageOfPage\":{\"@id\":\"https:\\\/\\\/velocite-narbonne.fr\\\/index.php\\\/velos-a-vendre\\\/#primaryimage\"},\"image\":{\"@id\":\"https:\\\/\\\/velocite-narbonne.fr\\\/index.php\\\/velos-a-vendre\\\/#primaryimage\"},\"thumbnailUrl\":\"https:\\\/\\\/velocite-narbonne.fr\\\/wp-content\\\/uploads\\\/2024\\\/04\\\/cycles-2293976_1280-1024x682.jpg\",\"datePublished\":\"2022-11-13T11:05:55+00:00\",\"dateModified\":\"2024-04-17T07:45:40+00:00\",\"description\":\"V\u00e9locit\u00e9 Narbonne vend des v\u00e9los reconditionn\u00e9s par ses soins. Vous pouvez voir ceux qui sont disponibles \u00e0 l'atelier.\",\"breadcrumb\":{\"@id\":\"https:\\\/\\\/velocite-narbonne.fr\\\/index.php\\\/velos-a-vendre\\\/#breadcrumb\"},\"inLanguage\":\"fr-FR\",\"potentialAction\":[{\"@type\":\"ReadAction\",\"target\":[\"https:\\\/\\\/velocite-narbonne.fr\\\/index.php\\\/velos-a-vendre\\\/\"]}]},{\"@type\":\"ImageObject\",\"inLanguage\":\"fr-FR\",\"@id\":\"https:\\\/\\\/velocite-narbonne.fr\\\/index.php\\\/velos-a-vendre\\\/#primaryimage\",\"url\":\"https:\\\/\\\/velocite-narbonne.fr\\\/wp-content\\\/uploads\\\/2024\\\/04\\\/cycles-2293976_1280.jpg\",\"contentUrl\":\"https:\\\/\\\/velocite-narbonne.fr\\\/wp-content\\\/uploads\\\/2024\\\/04\\\/cycles-2293976_1280.jpg\",\"width\":1280,\"height\":853},{\"@type\":\"BreadcrumbList\",\"@id\":\"https:\\\/\\\/velocite-narbonne.fr\\\/index.php\\\/velos-a-vendre\\\/#breadcrumb\",\"itemListElement\":[{\"@type\":\"ListItem\",\"position\":1,\"name\":\"Accueil\",\"item\":\"https:\\\/\\\/velocite-narbonne.fr\\\/\"},{\"@type\":\"ListItem\",\"position\":2,\"name\":\"V\u00e9los \u00e0 vendre\"}]},{\"@type\":\"WebSite\",\"@id\":\"https:\\\/\\\/velocite-narbonne.fr\\\/#website\",\"url\":\"https:\\\/\\\/velocite-narbonne.fr\\\/\",\"name\":\"V\u00e9locit\u00e9 Narbonne\",\"description\":\"L&#039;association v\u00e9lo du Grand Narbonne\",\"publisher\":{\"@id\":\"https:\\\/\\\/velocite-narbonne.fr\\\/#organization\"},\"potentialAction\":[{\"@type\":\"SearchAction\",\"target\":{\"@type\":\"EntryPoint\",\"urlTemplate\":\"https:\\\/\\\/velocite-narbonne.fr\\\/?s={search_term_string}\"},\"query-input\":{\"@type\":\"PropertyValueSpecification\",\"valueRequired\":true,\"valueName\":\"search_term_string\"}}],\"inLanguage\":\"fr-FR\"},{\"@type\":\"Organization\",\"@id\":\"https:\\\/\\\/velocite-narbonne.fr\\\/#organization\",\"name\":\"V\u00e9locit\u00e9 Narbonne\",\"url\":\"https:\\\/\\\/velocite-narbonne.fr\\\/\",\"logo\":{\"@type\":\"ImageObject\",\"inLanguage\":\"fr-FR\",\"@id\":\"https:\\\/\\\/velocite-narbonne.fr\\\/#\\\/schema\\\/logo\\\/image\\\/\",\"url\":\"https:\\\/\\\/velocite-narbonne.fr\\\/wp-content\\\/uploads\\\/2021\\\/10\\\/cropped-Logo-velocite.png\",\"contentUrl\":\"https:\\\/\\\/velocite-narbonne.fr\\\/wp-content\\\/uploads\\\/2021\\\/10\\\/cropped-Logo-velocite.png\",\"width\":649,\"height\":216,\"caption\":\"V\u00e9locit\u00e9 Narbonne\"},\"image\":{\"@id\":\"https:\\\/\\\/velocite-narbonne.fr\\\/#\\\/schema\\\/logo\\\/image\\\/\"}}]}<\/script>\n<!-- \/ Yoast SEO plugin. -->","yoast_head_json":{"title":"V\u00e9los \u00e0 vendre - V\u00e9locit\u00e9 Narbonne","description":"V\u00e9locit\u00e9 Narbonne vend des v\u00e9los reconditionn\u00e9s par ses soins. Vous pouvez voir ceux qui sont disponibles \u00e0 l'atelier.","robots":{"index":"index","follow":"follow","max-snippet":"max-snippet:-1","max-image-preview":"max-image-preview:large","max-video-preview":"max-video-preview:-1"},"canonical":"https:\/\/velocite-narbonne.fr\/index.php\/velos-a-vendre\/","og_locale":"fr_FR","og_type":"article","og_title":"V\u00e9los \u00e0 vendre - V\u00e9locit\u00e9 Narbonne","og_description":"V\u00e9locit\u00e9 Narbonne vend des v\u00e9los reconditionn\u00e9s par ses soins. Vous pouvez voir ceux qui sont disponibles \u00e0 l'atelier.","og_url":"https:\/\/velocite-narbonne.fr\/index.php\/velos-a-vendre\/","og_site_name":"V\u00e9locit\u00e9 Narbonne","article_modified_time":"2024-04-17T07:45:40+00:00","og_image":[{"url":"https:\/\/velocite-narbonne.fr\/wp-content\/uploads\/2024\/04\/cycles-2293976_1280-1024x682.jpg","type":"","width":"","height":""}],"twitter_card":"summary_large_image","twitter_misc":{"Dur\u00e9e de lecture estim\u00e9e":"1 minute"},"schema":{"@context":"https:\/\/schema.org","@graph":[{"@type":"WebPage","@id":"https:\/\/velocite-narbonne.fr\/index.php\/velos-a-vendre\/","url":"https:\/\/velocite-narbonne.fr\/index.php\/velos-a-vendre\/","name":"V\u00e9los \u00e0 vendre - V\u00e9locit\u00e9 Narbonne","isPartOf":{"@id":"https:\/\/velocite-narbonne.fr\/#website"},"primaryImageOfPage":{"@id":"https:\/\/velocite-narbonne.fr\/index.php\/velos-a-vendre\/#primaryimage"},"image":{"@id":"https:\/\/velocite-narbonne.fr\/index.php\/velos-a-vendre\/#primaryimage"},"thumbnailUrl":"https:\/\/velocite-narbonne.fr\/wp-content\/uploads\/2024\/04\/cycles-2293976_1280-1024x682.jpg","datePublished":"2022-11-13T11:05:55+00:00","dateModified":"2024-04-17T07:45:40+00:00","description":"V\u00e9locit\u00e9 Narbonne vend des v\u00e9los reconditionn\u00e9s par ses soins. Vous pouvez voir ceux qui sont disponibles \u00e0 l'atelier.","breadcrumb":{"@id":"https:\/\/velocite-narbonne.fr\/index.php\/velos-a-vendre\/#breadcrumb"},"inLanguage":"fr-FR","potentialAction":[{"@type":"ReadAction","target":["https:\/\/velocite-narbonne.fr\/index.php\/velos-a-vendre\/"]}]},{"@type":"ImageObject","inLanguage":"fr-FR","@id":"https:\/\/velocite-narbonne.fr\/index.php\/velos-a-vendre\/#primaryimage","url":"https:\/\/velocite-narbonne.fr\/wp-content\/uploads\/2024\/04\/cycles-2293976_1280.jpg","contentUrl":"https:\/\/velocite-narbonne.fr\/wp-content\/uploads\/2024\/04\/cycles-2293976_1280.jpg","width":1280,"height":853},{"@type":"BreadcrumbList","@id":"https:\/\/velocite-narbonne.fr\/index.php\/velos-a-vendre\/#breadcrumb","itemListElement":[{"@type":"ListItem","position":1,"name":"Accueil","item":"https:\/\/velocite-narbonne.fr\/"},{"@type":"ListItem","position":2,"name":"V\u00e9los \u00e0 vendre"}]},{"@type":"WebSite","@id":"https:\/\/velocite-narbonne.fr\/#website","url":"https:\/\/velocite-narbonne.fr\/","name":"V\u00e9locit\u00e9 Narbonne","description":"L&#039;association v\u00e9lo du Grand Narbonne","publisher":{"@id":"https:\/\/velocite-narbonne.fr\/#organization"},"potentialAction":[{"@type":"SearchAction","target":{"@type":"EntryPoint","urlTemplate":"https:\/\/velocite-narbonne.fr\/?s={search_term_string}"},"query-input":{"@type":"PropertyValueSpecification","valueRequired":true,"valueName":"search_term_string"}}],"inLanguage":"fr-FR"},{"@type":"Organization","@id":"https:\/\/velocite-narbonne.fr\/#organization","name":"V\u00e9locit\u00e9 Narbonne","url":"https:\/\/velocite-narbonne.fr\/","logo":{"@type":"ImageObject","inLanguage":"fr-FR","@id":"https:\/\/velocite-narbonne.fr\/#\/schema\/logo\/image\/","url":"https:\/\/velocite-narbonne.fr\/wp-content\/uploads\/2021\/10\/cropped-Logo-velocite.png","contentUrl":"https:\/\/velocite-narbonne.fr\/wp-content\/uploads\/2021\/10\/cropped-Logo-velocite.png","width":649,"height":216,"caption":"V\u00e9locit\u00e9 Narbonne"},"image":{"@id":"https:\/\/velocite-narbonne.fr\/#\/schema\/logo\/image\/"}}]}},"_links":{"self":[{"href":"https:\/\/velocite-narbonne.fr\/index.php\/wp-json\/wp\/v2\/pages\/432","targetHints":{"allow":["GET"]}}],"collection":[{"href":"https:\/\/velocite-narbonne.fr\/index.php\/wp-json\/wp\/v2\/pages"}],"about":[{"href":"https:\/\/velocite-narbonne.fr\/index.php\/wp-json\/wp\/v2\/types\/page"}],"author":[{"embeddable":true,"href":"https:\/\/velocite-narbonne.fr\/index.php\/wp-json\/wp\/v2\/users\/20"}],"replies":[{"embeddable":true,"href":"https:\/\/velocite-narbonne.fr\/index.php\/wp-json\/wp\/v2\/comments?post=432"}],"version-history":[{"count":5,"href":"https:\/\/velocite-narbonne.fr\/index.php\/wp-json\/wp\/v2\/pages\/432\/revisions"}],"predecessor-version":[{"id":2875,"href":"https:\/\/velocite-narbonne.fr\/index.php\/wp-json\/wp\/v2\/pages\/432\/revisions\/2875"}],"wp:attachment":[{"href":"https:\/\/velocite-narbonne.fr\/index.php\/wp-json\/wp\/v2\/media?parent=432"}],"curies":[{"name":"wp","href":"https:\/\/api.w.org\/{rel}","templated":true}]}}