{"id":2952,"date":"2024-04-30T11:01:43","date_gmt":"2024-04-30T09:01:43","guid":{"rendered":"https:\/\/velocite-narbonne.fr\/?page_id=2952"},"modified":"2024-04-30T11:01:47","modified_gmt":"2024-04-30T09:01:47","slug":"adhesions","status":"publish","type":"page","link":"https:\/\/velocite-narbonne.fr\/index.php\/adhesions\/","title":{"rendered":"Adh\u00e9sions"},"content":{"rendered":"\n<p>Veuillez remplir le formulaire suivant :<\/p>\n\n\n\n<div class=\"forminator-guttenberg\"><div class=\"forminator-ui forminator-custom-form forminator-custom-form-2951 forminator-design--default  forminator_ajax\" data-forminator-render=\"0\" data-form=\"forminator-module-2951\" data-uid=\"69e208d84a830\"><br\/><\/div><form\n\t\t\t\tid=\"forminator-module-2951\"\n\t\t\t\tclass=\"forminator-ui forminator-custom-form forminator-custom-form-2951 forminator-design--default  forminator_ajax\"\n\t\t\t\tmethod=\"post\"\n\t\t\t\tdata-forminator-render=\"0\"\n\t\t\t\tdata-form-id=\"2951\"\n\t\t\t\t data-color-option=\"default\" data-design=\"default\" data-grid=\"open\" style=\"display: none;\"\n\t\t\t\tdata-uid=\"69e208d84a830\"\n\t\t\t><div role=\"alert\" aria-live=\"polite\" class=\"forminator-response-message forminator-error\" aria-hidden=\"true\"><\/div><div class=\"forminator-row\"><div id=\"radio-2\" class=\"forminator-field-radio forminator-col forminator-col-12 \"><div role=\"radiogroup\" class=\"forminator-field\" aria-labelledby=\"forminator-radiogroup-radio-2-69e208d84a830-label\"><span id=\"forminator-radiogroup-radio-2-69e208d84a830-label\" class=\"forminator-label\">Nouvel.le adh\u00e9rent.e <span class=\"forminator-required\">*<\/span><\/span><label id=\"forminator-field-radio-2-label-1\" for=\"forminator-field-radio-2-1-69e208d84a830\" class=\"forminator-radio forminator-radio-inline\" title=\"Oui\"><input type=\"radio\" name=\"radio-2\" value=\"one\" id=\"forminator-field-radio-2-1-69e208d84a830\" aria-labelledby=\"forminator-field-radio-2-label-1\" data-calculation=\"0\"   data-hidden-behavior=\"zero\"\/><span class=\"forminator-radio-bullet\" aria-hidden=\"true\"><\/span><span class=\"forminator-radio-label\">Oui<\/span><\/label><label id=\"forminator-field-radio-2-label-2\" for=\"forminator-field-radio-2-2-69e208d84a830\" class=\"forminator-radio forminator-radio-inline\" title=\"Non\"><input type=\"radio\" name=\"radio-2\" value=\"two\" id=\"forminator-field-radio-2-2-69e208d84a830\" aria-labelledby=\"forminator-field-radio-2-label-2\" data-calculation=\"0\"   data-hidden-behavior=\"zero\"\/><span class=\"forminator-radio-bullet\" aria-hidden=\"true\"><\/span><span class=\"forminator-radio-label\">Non<\/span><\/label><\/div><\/div><\/div><div class=\"forminator-row\"><div id=\"radio-1\" class=\"forminator-field-radio forminator-col forminator-col-12 \"><div role=\"radiogroup\" class=\"forminator-field\" aria-labelledby=\"forminator-radiogroup-radio-1-69e208d84a830-label\"><span id=\"forminator-radiogroup-radio-1-69e208d84a830-label\" class=\"forminator-label\">Cotisation <span class=\"forminator-required\">*<\/span><\/span><label id=\"forminator-field-radio-1-label-1\" for=\"forminator-field-radio-1-1-69e208d84a830\" class=\"forminator-radio\" title=\"Individuelle (10\u20ac)\"><input type=\"radio\" name=\"radio-1\" value=\"one\" id=\"forminator-field-radio-1-1-69e208d84a830\" aria-labelledby=\"forminator-field-radio-1-label-1\" data-calculation=\"0\" checked=\"checked\"  data-hidden-behavior=\"zero\"\/><span class=\"forminator-radio-bullet\" aria-hidden=\"true\"><\/span><span class=\"forminator-radio-label\">Individuelle (10\u20ac)<\/span><\/label><label id=\"forminator-field-radio-1-label-2\" for=\"forminator-field-radio-1-2-69e208d84a830\" class=\"forminator-radio\" title=\"Couple (15\u20ac)\"><input type=\"radio\" name=\"radio-1\" value=\"two\" id=\"forminator-field-radio-1-2-69e208d84a830\" aria-labelledby=\"forminator-field-radio-1-label-2\" data-calculation=\"0\"   data-hidden-behavior=\"zero\"\/><span class=\"forminator-radio-bullet\" aria-hidden=\"true\"><\/span><span class=\"forminator-radio-label\">Couple (15\u20ac)<\/span><\/label><label id=\"forminator-field-radio-1-label-3\" for=\"forminator-field-radio-1-3-69e208d84a830\" class=\"forminator-radio\" title=\"Famille (20\u20ac)\"><input type=\"radio\" name=\"radio-1\" value=\"Famille\" id=\"forminator-field-radio-1-3-69e208d84a830\" aria-labelledby=\"forminator-field-radio-1-label-3\" data-calculation=\"0\"   data-hidden-behavior=\"zero\"\/><span class=\"forminator-radio-bullet\" aria-hidden=\"true\"><\/span><span class=\"forminator-radio-label\">Famille (20\u20ac)<\/span><\/label><\/div><\/div><\/div><div class=\"forminator-row\"><div id=\"group-1\" class=\"forminator-field-group forminator-col forminator-col-12 \"><label class=\"forminator-label forminator-repeater-label\">Adh\u00e9rent.e<\/label><div class=\"forminator-all-group-copies forminator-repeater-field\"><div class=\"forminator-grouped-fields\" data-options=\"{&quot;is_repeater&quot;:false,&quot;min_type&quot;:&quot;custom&quot;,&quot;max_type&quot;:&quot;custom&quot;,&quot;min&quot;:1,&quot;max&quot;:9223372036854775807,&quot;add_text&quot;:&quot;Ajouter un \\u00e9l\\u00e9ment&quot;,&quot;remove_text&quot;:&quot;Retirer l\\u2018\\u00e9l\\u00e9ment&quot;,&quot;action_element_type&quot;:&quot;button&quot;}\"><div class=\"forminator-row\"><div id=\"name-2\" class=\"forminator-field-name forminator-col forminator-col-12 \"><div class=\"forminator-field\"><label for=\"forminator-field-name-2_69e208d84a830\" id=\"forminator-field-name-2_69e208d84a830-label\" class=\"forminator-label\">Pr\u00e9nom <span class=\"forminator-required\">*<\/span><\/label><input type=\"text\" name=\"name-2\" value=\"\" placeholder=\"Par exemple\u00a0: Jacques\" id=\"forminator-field-name-2_69e208d84a830\" class=\"forminator-input forminator-name--field\" aria-required=\"true\" autocomplete=\"name\" \/><\/div><\/div><\/div><div class=\"forminator-row\"><div id=\"name-1\" class=\"forminator-field-name forminator-col forminator-col-12 \"><div class=\"forminator-field\"><label for=\"forminator-field-name-1_69e208d84a830\" id=\"forminator-field-name-1_69e208d84a830-label\" class=\"forminator-label\">Nom <span class=\"forminator-required\">*<\/span><\/label><input type=\"text\" name=\"name-1\" value=\"\" placeholder=\"Par exemple\u00a0: Martin\" id=\"forminator-field-name-1_69e208d84a830\" class=\"forminator-input forminator-name--field\" aria-required=\"true\" autocomplete=\"name\" \/><\/div><\/div><\/div><div class=\"forminator-row\"><div id=\"email-1\" class=\"forminator-field-email forminator-col forminator-col-12 \"><div class=\"forminator-field\"><label for=\"forminator-field-email-1_69e208d84a830\" id=\"forminator-field-email-1_69e208d84a830-label\" class=\"forminator-label\">Adresse de messagerie<\/label><input type=\"email\" name=\"email-1\" value=\"\" placeholder=\"Par exemple\u00a0: jacques@martin.com\" id=\"forminator-field-email-1_69e208d84a830\" class=\"forminator-input forminator-email--field\" data-required=\"\" aria-required=\"false\" autocomplete=\"email\" \/><\/div><\/div><\/div><\/div><\/div><\/div><\/div><div class=\"forminator-row\"><div id=\"group-3\" class=\"forminator-field-group forminator-col forminator-col-12 \"><label class=\"forminator-label forminator-repeater-label\">Conjoint.e<\/label><div class=\"forminator-all-group-copies forminator-repeater-field\"><div class=\"forminator-grouped-fields\" data-options=\"{&quot;is_repeater&quot;:false,&quot;min_type&quot;:&quot;custom&quot;,&quot;max_type&quot;:&quot;custom&quot;,&quot;min&quot;:1,&quot;max&quot;:9223372036854775807,&quot;add_text&quot;:&quot;Ajouter un \\u00e9l\\u00e9ment&quot;,&quot;remove_text&quot;:&quot;Retirer l\\u2018\\u00e9l\\u00e9ment&quot;,&quot;action_element_type&quot;:&quot;button&quot;}\"><div class=\"forminator-row\"><div id=\"name-4\" class=\"forminator-field-name forminator-col forminator-col-12 \"><div class=\"forminator-field\"><label for=\"forminator-field-name-4_69e208d84a830\" id=\"forminator-field-name-4_69e208d84a830-label\" class=\"forminator-label\">Pr\u00e9nom<\/label><input type=\"text\" name=\"name-4\" value=\"\" placeholder=\"Par exemple\u00a0: Jacques\" id=\"forminator-field-name-4_69e208d84a830\" class=\"forminator-input forminator-name--field\" aria-required=\"false\" autocomplete=\"name\" \/><\/div><\/div><\/div><div class=\"forminator-row\"><div id=\"name-5\" class=\"forminator-field-name forminator-col forminator-col-12 \"><div class=\"forminator-field\"><label for=\"forminator-field-name-5_69e208d84a830\" id=\"forminator-field-name-5_69e208d84a830-label\" class=\"forminator-label\">Nom<\/label><input type=\"text\" name=\"name-5\" value=\"\" placeholder=\"Par exemple\u00a0: Martin\" id=\"forminator-field-name-5_69e208d84a830\" class=\"forminator-input forminator-name--field\" aria-required=\"false\" autocomplete=\"name\" \/><\/div><\/div><\/div><div class=\"forminator-row\"><div id=\"email-2\" class=\"forminator-field-email forminator-col forminator-col-12 \"><div class=\"forminator-field\"><label for=\"forminator-field-email-2_69e208d84a830\" id=\"forminator-field-email-2_69e208d84a830-label\" class=\"forminator-label\">Adresse de messagerie<\/label><input type=\"email\" name=\"email-2\" value=\"\" placeholder=\"Par exemple\u00a0: jacques@martin.com\" id=\"forminator-field-email-2_69e208d84a830\" class=\"forminator-input forminator-email--field\" data-required=\"\" aria-required=\"false\" autocomplete=\"email\" \/><\/div><\/div><\/div><\/div><\/div><\/div><\/div><div class=\"forminator-row\"><div id=\"group-4\" class=\"forminator-field-group forminator-col forminator-col-12 \"><label class=\"forminator-label forminator-repeater-label\">Nombre de personnes dans le foyer<\/label><div class=\"forminator-all-group-copies forminator-repeater-field\"><div class=\"forminator-grouped-fields\" data-options=\"{&quot;is_repeater&quot;:false,&quot;min_type&quot;:&quot;custom&quot;,&quot;max_type&quot;:&quot;custom&quot;,&quot;min&quot;:1,&quot;max&quot;:9223372036854775807,&quot;add_text&quot;:&quot;Ajouter un enfant&quot;,&quot;remove_text&quot;:&quot;Retirer un enfant&quot;,&quot;action_element_type&quot;:&quot;button&quot;}\"><div class=\"forminator-row\"><div id=\"number-1\" class=\"forminator-field-number forminator-col forminator-col-6 \"><div class=\"forminator-field\"><label for=\"forminator-field-number-1_69e208d84a830\" id=\"forminator-field-number-1_69e208d84a830-label\" class=\"forminator-label\">Majeurs <span class=\"forminator-required\">*<\/span><\/label><input name=\"number-1\" value=\"\" placeholder=\"\" id=\"forminator-field-number-1_69e208d84a830\" class=\"forminator-input forminator-number--field\" inputmode=\"decimal\" data-required=\"1\" data-decimals=\"0\" aria-required=\"true\" data-inputmask=\"&#039;groupSeparator&#039;: &#039;&#039;, &#039;radixPoint&#039;: &#039;&#039;, &#039;digits&#039;: &#039;0&#039;\" data-hidden-behavior=\"zero\" type=\"number\" step=\"any\" min=\"0\" max=\"150\" \/><\/div><\/div><div id=\"number-2\" class=\"forminator-field-number forminator-col forminator-col-6 \"><div class=\"forminator-field\"><label for=\"forminator-field-number-2_69e208d84a830\" id=\"forminator-field-number-2_69e208d84a830-label\" class=\"forminator-label\">Mineurs <span class=\"forminator-required\">*<\/span><\/label><input name=\"number-2\" value=\"\" placeholder=\"\" id=\"forminator-field-number-2_69e208d84a830\" class=\"forminator-input forminator-number--field\" inputmode=\"decimal\" data-required=\"1\" data-decimals=\"0\" aria-required=\"true\" data-inputmask=\"&#039;groupSeparator&#039;: &#039;&#039;, &#039;radixPoint&#039;: &#039;&#039;, &#039;digits&#039;: &#039;0&#039;\" data-hidden-behavior=\"zero\" type=\"number\" step=\"any\" min=\"0\" max=\"150\" \/><\/div><\/div><\/div><\/div><\/div><\/div><\/div><div class=\"forminator-row\"><div id=\"address-1\" class=\"forminator-field-address forminator-col forminator-col-12 \"><div class=\"forminator-row\"><div id=\"address-1-street_address\" class=\"forminator-col\"><div class=\"forminator-field\"><label for=\"forminator-field-address-1-street_address_69e208d84a830\" id=\"forminator-field-address-1-street_address_69e208d84a830-label\" class=\"forminator-label\">Rue<\/label><input type=\"text\" name=\"address-1-street_address\" placeholder=\"\" id=\"forminator-field-address-1-street_address_69e208d84a830\" class=\"forminator-input\" data-required=\"\" aria-required=\"false\" autocomplete=\"address-line1\" value=\"\" \/><\/div><\/div><\/div><\/div><\/div><div class=\"forminator-row\"><div id=\"select-1\" class=\"forminator-field-select forminator-col forminator-col-12 \"><div class=\"forminator-field\"><label for=\"forminator-form-2951__field--select-1_69e208d84a830\" id=\"forminator-form-2951__field--select-1_69e208d84a830-label\" class=\"forminator-label\">Commune<\/label><select  id=\"forminator-form-2951__field--select-1_69e208d84a830\" class=\"forminator-select--field forminator-select2 forminator-select2-multiple\" data-required=\"\" name=\"select-1\" data-default-value=\"\" data-hidden-behavior=\"zero\" data-placeholder=\"\" data-search=\"false\" data-search-placeholder=\"\" data-checkbox=\"false\" data-allow-clear=\"false\" aria-labelledby=\"forminator-form-2951__field--select-1_69e208d84a830-label\"><option value=\"one\"  data-calculation=\"0\">Narbonne<\/option><option value=\"two\"  data-calculation=\"0\">Argeliers<\/option><option value=\"Armissan\"  data-calculation=\"0\">Armissan<\/option><option value=\"Bages\"  data-calculation=\"0\">Bages<\/option><option value=\"Bizanet\"  data-calculation=\"0\">Bizanet<\/option><option value=\"Bize-Minervois\"  data-calculation=\"0\">Bize-Minervois<\/option><option value=\"Caves\"  data-calculation=\"0\">Caves<\/option><option value=\"Coursan\"  data-calculation=\"0\">Coursan<\/option><option value=\"Cuxac-d&#039;Aude\"  data-calculation=\"0\">Cuxac d'Aude<\/option><option value=\"Fleury\"  data-calculation=\"0\">Fleury<\/option><option value=\"Ginestas\"  data-calculation=\"0\">Ginestas<\/option><option value=\"Gruissan\"  data-calculation=\"0\">Gruissan<\/option><option value=\"Leucate\"  data-calculation=\"0\">Leucate<\/option><option value=\"Marcorignan\"  data-calculation=\"0\">Mailhac<\/option><option value=\"Marcorignan\"  data-calculation=\"0\">Marcorignan<\/option><option value=\"N\u00e9vian\"  data-calculation=\"0\">Mirrepeiset<\/option><option value=\"Montredon-des-Corbi\u00e8res\"  data-calculation=\"0\">Montredon-des-Corbi\u00e8res<\/option><option value=\"Moussan\"  data-calculation=\"0\">Moussan<\/option><option value=\"N\u00e9vian\"  data-calculation=\"0\">N\u00e9vian<\/option><option value=\"Ouveillan\"  data-calculation=\"0\">Ouveillan<\/option><option value=\"La-Palme\"  data-calculation=\"0\">La Palme<\/option><option value=\"Peyriac-de-Mer\"  data-calculation=\"0\">Peyriac-de-Mer<\/option><option value=\"Port-la-Nouvelle\"  data-calculation=\"0\">Port-la-Nouvelle<\/option><option value=\"Portel-des-Corbi\u00e8res\"  data-calculation=\"0\">Portel-des-Corbi\u00e8res<\/option><option value=\"Pouzols-Minervois\"  data-calculation=\"0\">Pouzols-Minervois<\/option><option value=\"Raissac-d&#039;Aude\"  data-calculation=\"0\">Raissac-d'Aude<\/option><option value=\"Roquefort-des-Corbi\u00e8res\"  data-calculation=\"0\">Roquefort-des-Corbi\u00e8res<\/option><option value=\"Saint-Marcel-d&#039;Aude\"  data-calculation=\"0\">Saint-Marcel-d'Aude<\/option><option value=\"Saint-Nazaire\"  data-calculation=\"0\">Saint-Nazaire<\/option><option value=\"Sainte-Valli\u00e8re\"  data-calculation=\"0\">Sainte-Valli\u00e8re<\/option><option value=\"Sall\u00e8le-d&#039;Aude\"  data-calculation=\"0\">Sall\u00e8les-d'Aude<\/option><option value=\"Salles-d&#039;Aude\"  data-calculation=\"0\">Salles-d'Aude<\/option><option value=\"Treilles\"  data-calculation=\"0\">Sigean<\/option><option value=\"Treilles\"  data-calculation=\"0\">Treilles<\/option><option value=\"Ventenac-en-Minervois\"  data-calculation=\"0\">Ventenac-en-Minervois<\/option><option value=\"Villedaigne\"  data-calculation=\"0\">Villedaigne<\/option><option value=\"Vinassan\"  data-calculation=\"0\">Vinassan<\/option><\/select><\/div><\/div><\/div><div class=\"forminator-row\"><div id=\"textarea-1\" class=\"forminator-field-textarea forminator-col forminator-col-12 \"><div class=\"forminator-field\"><label for=\"forminator-field-textarea-1_69e208d84a830\" id=\"forminator-field-textarea-1_69e208d84a830-label\" class=\"forminator-label\">Remarques<\/label><textarea name=\"textarea-1\" placeholder=\"Par exemple\u00a0: Texte indicatif pour le champ texte\nVous pouvez ajouter une nouvelle ligne\" id=\"forminator-field-textarea-1_69e208d84a830\" class=\"forminator-textarea\" rows=\"6\" style=\"min-height:140px;\" ><\/textarea><\/div><\/div><\/div><input type=\"hidden\" name=\"referer_url\" value=\"\" \/><div class=\"forminator-row forminator-row-last\"><div class=\"forminator-col\"><div class=\"forminator-field\"><button class=\"forminator-button forminator-button-submit\">Envoyer l&#039;adh&eacute;sion<\/button><\/div><\/div><\/div><input type=\"hidden\" id=\"forminator_nonce\" name=\"forminator_nonce\" value=\"3f23e84f1d\" \/><input type=\"hidden\" name=\"_wp_http_referer\" value=\"\/index.php\/wp-json\/wp\/v2\/pages\/2952\" \/><input type=\"hidden\" name=\"form_id\" value=\"2951\"><input type=\"hidden\" name=\"page_id\" value=\"2952\"><input type=\"hidden\" name=\"form_type\" value=\"default\"><input type=\"hidden\" name=\"current_url\" value=\"https:\/\/velocite-narbonne.fr\/index.php\/adhesions\/\"><input type=\"hidden\" name=\"render_id\" value=\"0\"><input type=\"hidden\" name=\"action\" value=\"forminator_submit_form_custom-forms\"><\/form><\/div>\n","protected":false},"excerpt":{"rendered":"<p>Veuillez remplir le formulaire suivant :<\/p>\n","protected":false},"author":18,"featured_media":0,"parent":0,"menu_order":0,"comment_status":"closed","ping_status":"closed","template":"","meta":{"footnotes":""},"class_list":["post-2952","page","type-page","status-publish","hentry"],"yoast_head":"<!-- This site is optimized with the Yoast SEO plugin v27.4 - https:\/\/yoast.com\/product\/yoast-seo-wordpress\/ -->\n<title>Adh\u00e9sions - V\u00e9locit\u00e9 Narbonne<\/title>\n<meta name=\"robots\" content=\"index, follow, max-snippet:-1, max-image-preview:large, max-video-preview:-1\" \/>\n<link rel=\"canonical\" href=\"https:\/\/velocite-narbonne.fr\/index.php\/adhesions\/\" \/>\n<meta property=\"og:locale\" content=\"fr_FR\" \/>\n<meta property=\"og:type\" content=\"article\" \/>\n<meta property=\"og:title\" content=\"Adh\u00e9sions - V\u00e9locit\u00e9 Narbonne\" \/>\n<meta property=\"og:description\" content=\"Veuillez remplir le formulaire suivant :\" \/>\n<meta property=\"og:url\" content=\"https:\/\/velocite-narbonne.fr\/index.php\/adhesions\/\" \/>\n<meta property=\"og:site_name\" content=\"V\u00e9locit\u00e9 Narbonne\" \/>\n<meta property=\"article:modified_time\" content=\"2024-04-30T09:01:47+00:00\" \/>\n<meta name=\"twitter:card\" content=\"summary_large_image\" \/>\n<meta name=\"twitter:label1\" content=\"Dur\u00e9e de lecture estim\u00e9e\" \/>\n\t<meta name=\"twitter:data1\" content=\"1 minute\" \/>\n<script type=\"application\/ld+json\" class=\"yoast-schema-graph\">{\"@context\":\"https:\\\/\\\/schema.org\",\"@graph\":[{\"@type\":\"WebPage\",\"@id\":\"https:\\\/\\\/velocite-narbonne.fr\\\/index.php\\\/adhesions\\\/\",\"url\":\"https:\\\/\\\/velocite-narbonne.fr\\\/index.php\\\/adhesions\\\/\",\"name\":\"Adh\u00e9sions - V\u00e9locit\u00e9 Narbonne\",\"isPartOf\":{\"@id\":\"https:\\\/\\\/velocite-narbonne.fr\\\/#website\"},\"datePublished\":\"2024-04-30T09:01:43+00:00\",\"dateModified\":\"2024-04-30T09:01:47+00:00\",\"breadcrumb\":{\"@id\":\"https:\\\/\\\/velocite-narbonne.fr\\\/index.php\\\/adhesions\\\/#breadcrumb\"},\"inLanguage\":\"fr-FR\",\"potentialAction\":[{\"@type\":\"ReadAction\",\"target\":[\"https:\\\/\\\/velocite-narbonne.fr\\\/index.php\\\/adhesions\\\/\"]}]},{\"@type\":\"BreadcrumbList\",\"@id\":\"https:\\\/\\\/velocite-narbonne.fr\\\/index.php\\\/adhesions\\\/#breadcrumb\",\"itemListElement\":[{\"@type\":\"ListItem\",\"position\":1,\"name\":\"Accueil\",\"item\":\"https:\\\/\\\/velocite-narbonne.fr\\\/\"},{\"@type\":\"ListItem\",\"position\":2,\"name\":\"Adh\u00e9sions\"}]},{\"@type\":\"WebSite\",\"@id\":\"https:\\\/\\\/velocite-narbonne.fr\\\/#website\",\"url\":\"https:\\\/\\\/velocite-narbonne.fr\\\/\",\"name\":\"V\u00e9locit\u00e9 Narbonne\",\"description\":\"L&#039;association v\u00e9lo du Grand Narbonne\",\"publisher\":{\"@id\":\"https:\\\/\\\/velocite-narbonne.fr\\\/#organization\"},\"potentialAction\":[{\"@type\":\"SearchAction\",\"target\":{\"@type\":\"EntryPoint\",\"urlTemplate\":\"https:\\\/\\\/velocite-narbonne.fr\\\/?s={search_term_string}\"},\"query-input\":{\"@type\":\"PropertyValueSpecification\",\"valueRequired\":true,\"valueName\":\"search_term_string\"}}],\"inLanguage\":\"fr-FR\"},{\"@type\":\"Organization\",\"@id\":\"https:\\\/\\\/velocite-narbonne.fr\\\/#organization\",\"name\":\"V\u00e9locit\u00e9 Narbonne\",\"url\":\"https:\\\/\\\/velocite-narbonne.fr\\\/\",\"logo\":{\"@type\":\"ImageObject\",\"inLanguage\":\"fr-FR\",\"@id\":\"https:\\\/\\\/velocite-narbonne.fr\\\/#\\\/schema\\\/logo\\\/image\\\/\",\"url\":\"https:\\\/\\\/velocite-narbonne.fr\\\/wp-content\\\/uploads\\\/2021\\\/10\\\/cropped-Logo-velocite.png\",\"contentUrl\":\"https:\\\/\\\/velocite-narbonne.fr\\\/wp-content\\\/uploads\\\/2021\\\/10\\\/cropped-Logo-velocite.png\",\"width\":649,\"height\":216,\"caption\":\"V\u00e9locit\u00e9 Narbonne\"},\"image\":{\"@id\":\"https:\\\/\\\/velocite-narbonne.fr\\\/#\\\/schema\\\/logo\\\/image\\\/\"}}]}<\/script>\n<!-- \/ Yoast SEO plugin. -->","yoast_head_json":{"title":"Adh\u00e9sions - V\u00e9locit\u00e9 Narbonne","robots":{"index":"index","follow":"follow","max-snippet":"max-snippet:-1","max-image-preview":"max-image-preview:large","max-video-preview":"max-video-preview:-1"},"canonical":"https:\/\/velocite-narbonne.fr\/index.php\/adhesions\/","og_locale":"fr_FR","og_type":"article","og_title":"Adh\u00e9sions - V\u00e9locit\u00e9 Narbonne","og_description":"Veuillez remplir le formulaire suivant :","og_url":"https:\/\/velocite-narbonne.fr\/index.php\/adhesions\/","og_site_name":"V\u00e9locit\u00e9 Narbonne","article_modified_time":"2024-04-30T09:01:47+00:00","twitter_card":"summary_large_image","twitter_misc":{"Dur\u00e9e de lecture estim\u00e9e":"1 minute"},"schema":{"@context":"https:\/\/schema.org","@graph":[{"@type":"WebPage","@id":"https:\/\/velocite-narbonne.fr\/index.php\/adhesions\/","url":"https:\/\/velocite-narbonne.fr\/index.php\/adhesions\/","name":"Adh\u00e9sions - V\u00e9locit\u00e9 Narbonne","isPartOf":{"@id":"https:\/\/velocite-narbonne.fr\/#website"},"datePublished":"2024-04-30T09:01:43+00:00","dateModified":"2024-04-30T09:01:47+00:00","breadcrumb":{"@id":"https:\/\/velocite-narbonne.fr\/index.php\/adhesions\/#breadcrumb"},"inLanguage":"fr-FR","potentialAction":[{"@type":"ReadAction","target":["https:\/\/velocite-narbonne.fr\/index.php\/adhesions\/"]}]},{"@type":"BreadcrumbList","@id":"https:\/\/velocite-narbonne.fr\/index.php\/adhesions\/#breadcrumb","itemListElement":[{"@type":"ListItem","position":1,"name":"Accueil","item":"https:\/\/velocite-narbonne.fr\/"},{"@type":"ListItem","position":2,"name":"Adh\u00e9sions"}]},{"@type":"WebSite","@id":"https:\/\/velocite-narbonne.fr\/#website","url":"https:\/\/velocite-narbonne.fr\/","name":"V\u00e9locit\u00e9 Narbonne","description":"L&#039;association v\u00e9lo du Grand Narbonne","publisher":{"@id":"https:\/\/velocite-narbonne.fr\/#organization"},"potentialAction":[{"@type":"SearchAction","target":{"@type":"EntryPoint","urlTemplate":"https:\/\/velocite-narbonne.fr\/?s={search_term_string}"},"query-input":{"@type":"PropertyValueSpecification","valueRequired":true,"valueName":"search_term_string"}}],"inLanguage":"fr-FR"},{"@type":"Organization","@id":"https:\/\/velocite-narbonne.fr\/#organization","name":"V\u00e9locit\u00e9 Narbonne","url":"https:\/\/velocite-narbonne.fr\/","logo":{"@type":"ImageObject","inLanguage":"fr-FR","@id":"https:\/\/velocite-narbonne.fr\/#\/schema\/logo\/image\/","url":"https:\/\/velocite-narbonne.fr\/wp-content\/uploads\/2021\/10\/cropped-Logo-velocite.png","contentUrl":"https:\/\/velocite-narbonne.fr\/wp-content\/uploads\/2021\/10\/cropped-Logo-velocite.png","width":649,"height":216,"caption":"V\u00e9locit\u00e9 Narbonne"},"image":{"@id":"https:\/\/velocite-narbonne.fr\/#\/schema\/logo\/image\/"}}]}},"_links":{"self":[{"href":"https:\/\/velocite-narbonne.fr\/index.php\/wp-json\/wp\/v2\/pages\/2952","targetHints":{"allow":["GET"]}}],"collection":[{"href":"https:\/\/velocite-narbonne.fr\/index.php\/wp-json\/wp\/v2\/pages"}],"about":[{"href":"https:\/\/velocite-narbonne.fr\/index.php\/wp-json\/wp\/v2\/types\/page"}],"author":[{"embeddable":true,"href":"https:\/\/velocite-narbonne.fr\/index.php\/wp-json\/wp\/v2\/users\/18"}],"replies":[{"embeddable":true,"href":"https:\/\/velocite-narbonne.fr\/index.php\/wp-json\/wp\/v2\/comments?post=2952"}],"version-history":[{"count":1,"href":"https:\/\/velocite-narbonne.fr\/index.php\/wp-json\/wp\/v2\/pages\/2952\/revisions"}],"predecessor-version":[{"id":2954,"href":"https:\/\/velocite-narbonne.fr\/index.php\/wp-json\/wp\/v2\/pages\/2952\/revisions\/2954"}],"wp:attachment":[{"href":"https:\/\/velocite-narbonne.fr\/index.php\/wp-json\/wp\/v2\/media?parent=2952"}],"curies":[{"name":"wp","href":"https:\/\/api.w.org\/{rel}","templated":true}]}}