{"id":2896,"date":"2024-04-17T14:05:20","date_gmt":"2024-04-17T12:05:20","guid":{"rendered":"https:\/\/velocite-narbonne.fr\/?page_id=2896"},"modified":"2025-11-08T20:44:58","modified_gmt":"2025-11-08T19:44:58","slug":"partenaires-velocite-narbonne","status":"publish","type":"page","link":"https:\/\/velocite-narbonne.fr\/index.php\/partenaires-velocite-narbonne\/","title":{"rendered":"Nos partenaires"},"content":{"rendered":"\n<h2 class=\"wp-block-heading\">Partenaires associatifs<\/h2>\n\n\n\n<p><\/p>\n\n\n\n<div class=\"wp-block-columns is-layout-flex wp-container-core-columns-is-layout-9d6595d7 wp-block-columns-is-layout-flex\">\n<div class=\"wp-block-column is-layout-flow wp-block-column-is-layout-flow\" style=\"flex-basis:25%\">\n<figure class=\"wp-block-image size-full is-resized\"><a href=\"https:\/\/www.fub.fr\/\" target=\"_blank\" rel=\"noreferrer noopener\"><img decoding=\"async\" data-src=\"https:\/\/velocite-narbonne.fr\/wp-content\/uploads\/2024\/04\/Logo-FUB.svg\" alt=\"FUB\" class=\"wp-image-2897 lazyload\" style=\"width:200px\" src=\"data:image\/svg+xml;base64,PHN2ZyB3aWR0aD0iMSIgaGVpZ2h0PSIxIiB4bWxucz0iaHR0cDovL3d3dy53My5vcmcvMjAwMC9zdmciPjwvc3ZnPg==\" \/><\/a><\/figure>\n<\/div>\n\n\n\n<div class=\"wp-block-column is-layout-flow wp-block-column-is-layout-flow\" style=\"flex-basis:75%\">\n<div class=\"wp-block-group is-vertical is-layout-flex wp-container-core-group-is-layout-8cf370e7 wp-block-group-is-layout-flex\">\n<p>La F\u00e9d\u00e9ration fran\u00e7aise des usag\u00e8res et usagers de la bicyclette f\u00e9d\u00e8re l&rsquo;ensemble des associations locales de France. <\/p>\n\n\n\n<p>V\u00e9locit\u00e9 est membre de la FUB depuis son origine.<\/p>\n<\/div>\n<\/div>\n<\/div>\n\n\n\n<div class=\"wp-block-columns is-layout-flex wp-container-core-columns-is-layout-9d6595d7 wp-block-columns-is-layout-flex\">\n<div class=\"wp-block-column is-layout-flow wp-block-column-is-layout-flow\" style=\"flex-basis:25%\">\n<figure class=\"wp-block-image size-full is-resized\"><a href=\"https:\/\/collectif-velo-occitanie.fr\/\" target=\"_blank\" rel=\"noreferrer noopener\"><img decoding=\"async\" width=\"1696\" height=\"721\" data-src=\"https:\/\/velocite-narbonne.fr\/wp-content\/uploads\/2024\/10\/Logo_Bandeau.png\" alt=\"\" class=\"wp-image-3088 lazyload\" style=\"--smush-placeholder-width: 1696px; --smush-placeholder-aspect-ratio: 1696\/721;width:200px\" data-srcset=\"https:\/\/velocite-narbonne.fr\/wp-content\/uploads\/2024\/10\/Logo_Bandeau.png 1696w, https:\/\/velocite-narbonne.fr\/wp-content\/uploads\/2024\/10\/Logo_Bandeau-300x128.png 300w, https:\/\/velocite-narbonne.fr\/wp-content\/uploads\/2024\/10\/Logo_Bandeau-1024x435.png 1024w, https:\/\/velocite-narbonne.fr\/wp-content\/uploads\/2024\/10\/Logo_Bandeau-768x326.png 768w, https:\/\/velocite-narbonne.fr\/wp-content\/uploads\/2024\/10\/Logo_Bandeau-1536x653.png 1536w\" data-sizes=\"(max-width: 1696px) 100vw, 1696px\" src=\"data:image\/svg+xml;base64,PHN2ZyB3aWR0aD0iMSIgaGVpZ2h0PSIxIiB4bWxucz0iaHR0cDovL3d3dy53My5vcmcvMjAwMC9zdmciPjwvc3ZnPg==\" \/><\/a><\/figure>\n<\/div>\n\n\n\n<div class=\"wp-block-column is-layout-flow wp-block-column-is-layout-flow\" style=\"flex-basis:75%\">\n<div class=\"wp-block-group is-vertical is-layout-flex wp-container-core-group-is-layout-8cf370e7 wp-block-group-is-layout-flex\">\n<p>Le Collectif V\u00e9lo Occitanie regroupe un grand nombre d&rsquo;associations cyclistes d&rsquo;Occitanie afin de porter la voix du v\u00e9lo au niveau r\u00e9gional, notamment sur le dossier de l&rsquo;intermodalit\u00e9<\/p>\n\n\n\n<p>V\u00e9locit\u00e9 est membre fondateur du Collectif<\/p>\n<\/div>\n<\/div>\n<\/div>\n\n\n\n<div class=\"wp-block-columns is-layout-flex wp-container-core-columns-is-layout-62db62f3 wp-block-columns-is-layout-flex\" style=\"padding-top:0;padding-bottom:0\">\n<div class=\"wp-block-column is-layout-flow wp-block-column-is-layout-flow\" style=\"flex-basis:25%\">\n<figure class=\"wp-block-image size-full is-resized\"><a href=\"https:\/\/www.heureux-cyclage.org\/\" target=\"_blank\" rel=\"noreferrer noopener\"><img decoding=\"async\" width=\"130\" height=\"150\" data-src=\"https:\/\/velocite-narbonne.fr\/wp-content\/uploads\/2024\/04\/Heureux-cyclage.png\" alt=\"L'Heureux cyclage\" class=\"wp-image-2900 lazyload\" style=\"--smush-placeholder-width: 130px; --smush-placeholder-aspect-ratio: 130\/150;aspect-ratio:1;object-fit:cover;width:200px\" src=\"data:image\/svg+xml;base64,PHN2ZyB3aWR0aD0iMSIgaGVpZ2h0PSIxIiB4bWxucz0iaHR0cDovL3d3dy53My5vcmcvMjAwMC9zdmciPjwvc3ZnPg==\" \/><\/a><\/figure>\n<\/div>\n\n\n\n<div class=\"wp-block-column is-layout-flow wp-block-column-is-layout-flow\" style=\"flex-basis:75%\">\n<div class=\"wp-block-group is-vertical is-layout-flex wp-container-core-group-is-layout-8cf370e7 wp-block-group-is-layout-flex\">\n<p><\/p>\n\n\n\n<p><\/p>\n\n\n\n<p>Le r\u00e9seau des ateliers participatifs et solidaire f\u00e9d\u00e8re l&rsquo;ensemble des associations qui g\u00e8rent des ateliers de r\u00e9paration, dont les ateliers de r\u00e9paration de v\u00e9lo.<\/p>\n\n\n\n<p>V\u00e9locit\u00e9 est membre depuis 2025<\/p>\n<\/div>\n<\/div>\n<\/div>\n\n\n\n<div class=\"wp-block-columns is-layout-flex wp-container-core-columns-is-layout-9d6595d7 wp-block-columns-is-layout-flex\">\n<div class=\"wp-block-column is-layout-flow wp-block-column-is-layout-flow\" style=\"flex-basis:25%\">\n<figure class=\"wp-block-image size-full is-resized\"><a href=\"https:\/\/www.af3v.org\/\" target=\"_blank\" rel=\"noreferrer noopener\"><img decoding=\"async\" width=\"730\" height=\"332\" data-src=\"https:\/\/velocite-narbonne.fr\/wp-content\/uploads\/2024\/04\/Logo_AF3V.png\" alt=\"\" class=\"wp-image-2899 lazyload\" style=\"--smush-placeholder-width: 730px; --smush-placeholder-aspect-ratio: 730\/332;width:200px\" data-srcset=\"https:\/\/velocite-narbonne.fr\/wp-content\/uploads\/2024\/04\/Logo_AF3V.png 730w, https:\/\/velocite-narbonne.fr\/wp-content\/uploads\/2024\/04\/Logo_AF3V-300x136.png 300w\" data-sizes=\"(max-width: 730px) 100vw, 730px\" src=\"data:image\/svg+xml;base64,PHN2ZyB3aWR0aD0iMSIgaGVpZ2h0PSIxIiB4bWxucz0iaHR0cDovL3d3dy53My5vcmcvMjAwMC9zdmciPjwvc3ZnPg==\" \/><\/a><\/figure>\n<\/div>\n\n\n\n<div class=\"wp-block-column is-layout-flow wp-block-column-is-layout-flow\" style=\"flex-basis:75%\">\n<div class=\"wp-block-group is-vertical is-layout-flex wp-container-core-group-is-layout-8cf370e7 wp-block-group-is-layout-flex\">\n<p>L&rsquo;Association des V\u00e9loroutes et Voies Vertes d\u00e9fend et promeut la r\u00e9alisation d&rsquo;un r\u00e9seau de v\u00e9loroutes et de voies vertes pour encourager la pratique du v\u00e9lo et des modes de d\u00e9placement doux.<\/p>\n\n\n\n<p>V\u00e9locit\u00e9 est membre depuis 2021.<\/p>\n<\/div>\n<\/div>\n<\/div>\n\n\n\n<p><\/p>\n\n\n\n<h2 class=\"wp-block-heading\">Partenaires publics<\/h2>\n\n\n\n<p><\/p>\n\n\n\n<div class=\"wp-block-group is-nowrap is-layout-flex wp-container-core-group-is-layout-ad2f72ca wp-block-group-is-layout-flex\">\n<figure class=\"wp-block-image size-full is-resized\"><a href=\"https:\/\/www.aude.fr\/\" target=\"_blank\" rel=\"noreferrer noopener\"><img decoding=\"async\" width=\"1341\" height=\"439\" data-src=\"https:\/\/velocite-narbonne.fr\/wp-content\/uploads\/2024\/04\/Logo-Aude.jpg\" alt=\"\" class=\"wp-image-2903 lazyload\" style=\"--smush-placeholder-width: 1341px; --smush-placeholder-aspect-ratio: 1341\/439;width:200px\" data-srcset=\"https:\/\/velocite-narbonne.fr\/wp-content\/uploads\/2024\/04\/Logo-Aude.jpg 1341w, https:\/\/velocite-narbonne.fr\/wp-content\/uploads\/2024\/04\/Logo-Aude-300x98.jpg 300w, https:\/\/velocite-narbonne.fr\/wp-content\/uploads\/2024\/04\/Logo-Aude-1024x335.jpg 1024w, https:\/\/velocite-narbonne.fr\/wp-content\/uploads\/2024\/04\/Logo-Aude-768x251.jpg 768w\" data-sizes=\"(max-width: 1341px) 100vw, 1341px\" src=\"data:image\/svg+xml;base64,PHN2ZyB3aWR0aD0iMSIgaGVpZ2h0PSIxIiB4bWxucz0iaHR0cDovL3d3dy53My5vcmcvMjAwMC9zdmciPjwvc3ZnPg==\" \/><\/a><\/figure>\n\n\n\n<div class=\"wp-block-group is-vertical is-layout-flex wp-container-core-group-is-layout-8cf370e7 wp-block-group-is-layout-flex\">\n<p><\/p>\n<\/div>\n<\/div>\n\n\n\n<div class=\"wp-block-group is-nowrap is-layout-flex wp-container-core-group-is-layout-ad2f72ca wp-block-group-is-layout-flex\">\n<figure class=\"wp-block-image size-full is-resized\"><a href=\"https:\/\/www.legrandnarbonne.com\/\" target=\"_blank\" rel=\"noreferrer noopener\"><img decoding=\"async\" data-src=\"https:\/\/velocite-narbonne.fr\/wp-content\/uploads\/2024\/04\/Logo-Grand-Narbonne.svg\" alt=\"\" class=\"wp-image-2904 lazyload\" style=\"width:200px\" src=\"data:image\/svg+xml;base64,PHN2ZyB3aWR0aD0iMSIgaGVpZ2h0PSIxIiB4bWxucz0iaHR0cDovL3d3dy53My5vcmcvMjAwMC9zdmciPjwvc3ZnPg==\" \/><\/a><\/figure>\n\n\n\n<div class=\"wp-block-group is-vertical is-layout-flex wp-container-core-group-is-layout-8cf370e7 wp-block-group-is-layout-flex\">\n<p><\/p>\n<\/div>\n<\/div>\n\n\n\n<div class=\"wp-block-group is-nowrap is-layout-flex wp-container-core-group-is-layout-ad2f72ca wp-block-group-is-layout-flex\">\n<figure class=\"wp-block-image size-full\"><a href=\"https:\/\/www.narbonne.fr\/\" target=\"_blank\" rel=\" noreferrer noopener\"><img decoding=\"async\" width=\"163\" height=\"100\" data-src=\"https:\/\/velocite-narbonne.fr\/wp-content\/uploads\/2025\/05\/image-3.png\" alt=\"\" class=\"wp-image-3334 lazyload\" src=\"data:image\/svg+xml;base64,PHN2ZyB3aWR0aD0iMSIgaGVpZ2h0PSIxIiB4bWxucz0iaHR0cDovL3d3dy53My5vcmcvMjAwMC9zdmciPjwvc3ZnPg==\" style=\"--smush-placeholder-width: 163px; --smush-placeholder-aspect-ratio: 163\/100;\" \/><\/a><\/figure>\n\n\n\n<div class=\"wp-block-group is-vertical is-layout-flex wp-container-core-group-is-layout-8cf370e7 wp-block-group-is-layout-flex\">\n<p><\/p>\n<\/div>\n<\/div>\n\n\n\n<div class=\"wp-block-group is-nowrap is-layout-flex wp-container-core-group-is-layout-ad2f72ca wp-block-group-is-layout-flex\">\n<figure class=\"wp-block-image size-full is-resized\"><a href=\"https:\/\/www.cotedumidi.com\/\" target=\"_blank\" rel=\" noreferrer noopener\"><img decoding=\"async\" width=\"442\" height=\"188\" data-src=\"https:\/\/velocite-narbonne.fr\/wp-content\/uploads\/2025\/11\/Logo-Cote-du-midi.png\" alt=\"\" class=\"wp-image-3456 lazyload\" style=\"--smush-placeholder-width: 442px; --smush-placeholder-aspect-ratio: 442\/188;width:200px\" data-srcset=\"https:\/\/velocite-narbonne.fr\/wp-content\/uploads\/2025\/11\/Logo-Cote-du-midi.png 442w, https:\/\/velocite-narbonne.fr\/wp-content\/uploads\/2025\/11\/Logo-Cote-du-midi-300x128.png 300w\" data-sizes=\"(max-width: 442px) 100vw, 442px\" src=\"data:image\/svg+xml;base64,PHN2ZyB3aWR0aD0iMSIgaGVpZ2h0PSIxIiB4bWxucz0iaHR0cDovL3d3dy53My5vcmcvMjAwMC9zdmciPjwvc3ZnPg==\" \/><\/a><\/figure>\n\n\n\n<div class=\"wp-block-group is-vertical is-layout-flex wp-container-core-group-is-layout-8cf370e7 wp-block-group-is-layout-flex\">\n<p><\/p>\n<\/div>\n<\/div>\n\n\n\n<p><\/p>\n\n\n\n<p><\/p>\n","protected":false},"excerpt":{"rendered":"<p>Partenaires associatifs La F\u00e9d\u00e9ration fran\u00e7aise des usag\u00e8res et usagers de la bicyclette f\u00e9d\u00e8re l&rsquo;ensemble des associations locales de France. V\u00e9locit\u00e9 est membre de la FUB [&#8230;]<\/p>\n","protected":false},"author":18,"featured_media":0,"parent":0,"menu_order":0,"comment_status":"closed","ping_status":"closed","template":"","meta":{"footnotes":""},"class_list":["post-2896","page","type-page","status-publish","hentry"],"yoast_head":"<!-- This site is optimized with the Yoast SEO plugin v27.4 - https:\/\/yoast.com\/product\/yoast-seo-wordpress\/ -->\n<title>Partenaires de V\u00e9locit\u00e9 Narbonne<\/title>\n<meta name=\"description\" content=\"V\u00e9locit\u00e9 travaille en collaboration avec des partenaires associatifs et publics afin de faire avancer la cause du v\u00e9lo.\" \/>\n<meta name=\"robots\" content=\"index, follow, max-snippet:-1, max-image-preview:large, max-video-preview:-1\" \/>\n<link rel=\"canonical\" href=\"https:\/\/velocite-narbonne.fr\/index.php\/partenaires-velocite-narbonne\/\" \/>\n<meta property=\"og:locale\" content=\"fr_FR\" \/>\n<meta property=\"og:type\" content=\"article\" \/>\n<meta property=\"og:title\" content=\"Partenaires de V\u00e9locit\u00e9 Narbonne\" \/>\n<meta property=\"og:description\" content=\"V\u00e9locit\u00e9 travaille en collaboration avec des partenaires associatifs et publics afin de faire avancer la cause du v\u00e9lo.\" \/>\n<meta property=\"og:url\" content=\"https:\/\/velocite-narbonne.fr\/index.php\/partenaires-velocite-narbonne\/\" \/>\n<meta property=\"og:site_name\" content=\"V\u00e9locit\u00e9 Narbonne\" \/>\n<meta property=\"article:modified_time\" content=\"2025-11-08T19:44:58+00:00\" \/>\n<meta name=\"twitter:card\" content=\"summary_large_image\" \/>\n<meta name=\"twitter:label1\" content=\"Dur\u00e9e de lecture estim\u00e9e\" \/>\n\t<meta name=\"twitter:data1\" content=\"3 minutes\" \/>\n<script type=\"application\/ld+json\" class=\"yoast-schema-graph\">{\"@context\":\"https:\\\/\\\/schema.org\",\"@graph\":[{\"@type\":\"WebPage\",\"@id\":\"https:\\\/\\\/velocite-narbonne.fr\\\/index.php\\\/partenaires-velocite-narbonne\\\/\",\"url\":\"https:\\\/\\\/velocite-narbonne.fr\\\/index.php\\\/partenaires-velocite-narbonne\\\/\",\"name\":\"Partenaires de V\u00e9locit\u00e9 Narbonne\",\"isPartOf\":{\"@id\":\"https:\\\/\\\/velocite-narbonne.fr\\\/#website\"},\"primaryImageOfPage\":{\"@id\":\"https:\\\/\\\/velocite-narbonne.fr\\\/index.php\\\/partenaires-velocite-narbonne\\\/#primaryimage\"},\"image\":{\"@id\":\"https:\\\/\\\/velocite-narbonne.fr\\\/index.php\\\/partenaires-velocite-narbonne\\\/#primaryimage\"},\"thumbnailUrl\":\"https:\\\/\\\/velocite-narbonne.fr\\\/wp-content\\\/uploads\\\/2024\\\/04\\\/Logo-FUB.svg\",\"datePublished\":\"2024-04-17T12:05:20+00:00\",\"dateModified\":\"2025-11-08T19:44:58+00:00\",\"description\":\"V\u00e9locit\u00e9 travaille en collaboration avec des partenaires associatifs et publics afin de faire avancer la cause du v\u00e9lo.\",\"breadcrumb\":{\"@id\":\"https:\\\/\\\/velocite-narbonne.fr\\\/index.php\\\/partenaires-velocite-narbonne\\\/#breadcrumb\"},\"inLanguage\":\"fr-FR\",\"potentialAction\":[{\"@type\":\"ReadAction\",\"target\":[\"https:\\\/\\\/velocite-narbonne.fr\\\/index.php\\\/partenaires-velocite-narbonne\\\/\"]}]},{\"@type\":\"ImageObject\",\"inLanguage\":\"fr-FR\",\"@id\":\"https:\\\/\\\/velocite-narbonne.fr\\\/index.php\\\/partenaires-velocite-narbonne\\\/#primaryimage\",\"url\":\"https:\\\/\\\/velocite-narbonne.fr\\\/wp-content\\\/uploads\\\/2024\\\/04\\\/Logo-FUB.svg\",\"contentUrl\":\"https:\\\/\\\/velocite-narbonne.fr\\\/wp-content\\\/uploads\\\/2024\\\/04\\\/Logo-FUB.svg\"},{\"@type\":\"BreadcrumbList\",\"@id\":\"https:\\\/\\\/velocite-narbonne.fr\\\/index.php\\\/partenaires-velocite-narbonne\\\/#breadcrumb\",\"itemListElement\":[{\"@type\":\"ListItem\",\"position\":1,\"name\":\"Accueil\",\"item\":\"https:\\\/\\\/velocite-narbonne.fr\\\/\"},{\"@type\":\"ListItem\",\"position\":2,\"name\":\"Nos partenaires\"}]},{\"@type\":\"WebSite\",\"@id\":\"https:\\\/\\\/velocite-narbonne.fr\\\/#website\",\"url\":\"https:\\\/\\\/velocite-narbonne.fr\\\/\",\"name\":\"V\u00e9locit\u00e9 Narbonne\",\"description\":\"L&#039;association v\u00e9lo du Grand Narbonne\",\"publisher\":{\"@id\":\"https:\\\/\\\/velocite-narbonne.fr\\\/#organization\"},\"potentialAction\":[{\"@type\":\"SearchAction\",\"target\":{\"@type\":\"EntryPoint\",\"urlTemplate\":\"https:\\\/\\\/velocite-narbonne.fr\\\/?s={search_term_string}\"},\"query-input\":{\"@type\":\"PropertyValueSpecification\",\"valueRequired\":true,\"valueName\":\"search_term_string\"}}],\"inLanguage\":\"fr-FR\"},{\"@type\":\"Organization\",\"@id\":\"https:\\\/\\\/velocite-narbonne.fr\\\/#organization\",\"name\":\"V\u00e9locit\u00e9 Narbonne\",\"url\":\"https:\\\/\\\/velocite-narbonne.fr\\\/\",\"logo\":{\"@type\":\"ImageObject\",\"inLanguage\":\"fr-FR\",\"@id\":\"https:\\\/\\\/velocite-narbonne.fr\\\/#\\\/schema\\\/logo\\\/image\\\/\",\"url\":\"https:\\\/\\\/velocite-narbonne.fr\\\/wp-content\\\/uploads\\\/2021\\\/10\\\/cropped-Logo-velocite.png\",\"contentUrl\":\"https:\\\/\\\/velocite-narbonne.fr\\\/wp-content\\\/uploads\\\/2021\\\/10\\\/cropped-Logo-velocite.png\",\"width\":649,\"height\":216,\"caption\":\"V\u00e9locit\u00e9 Narbonne\"},\"image\":{\"@id\":\"https:\\\/\\\/velocite-narbonne.fr\\\/#\\\/schema\\\/logo\\\/image\\\/\"}}]}<\/script>\n<!-- \/ Yoast SEO plugin. -->","yoast_head_json":{"title":"Partenaires de V\u00e9locit\u00e9 Narbonne","description":"V\u00e9locit\u00e9 travaille en collaboration avec des partenaires associatifs et publics afin de faire avancer la cause du v\u00e9lo.","robots":{"index":"index","follow":"follow","max-snippet":"max-snippet:-1","max-image-preview":"max-image-preview:large","max-video-preview":"max-video-preview:-1"},"canonical":"https:\/\/velocite-narbonne.fr\/index.php\/partenaires-velocite-narbonne\/","og_locale":"fr_FR","og_type":"article","og_title":"Partenaires de V\u00e9locit\u00e9 Narbonne","og_description":"V\u00e9locit\u00e9 travaille en collaboration avec des partenaires associatifs et publics afin de faire avancer la cause du v\u00e9lo.","og_url":"https:\/\/velocite-narbonne.fr\/index.php\/partenaires-velocite-narbonne\/","og_site_name":"V\u00e9locit\u00e9 Narbonne","article_modified_time":"2025-11-08T19:44:58+00:00","twitter_card":"summary_large_image","twitter_misc":{"Dur\u00e9e de lecture estim\u00e9e":"3 minutes"},"schema":{"@context":"https:\/\/schema.org","@graph":[{"@type":"WebPage","@id":"https:\/\/velocite-narbonne.fr\/index.php\/partenaires-velocite-narbonne\/","url":"https:\/\/velocite-narbonne.fr\/index.php\/partenaires-velocite-narbonne\/","name":"Partenaires de V\u00e9locit\u00e9 Narbonne","isPartOf":{"@id":"https:\/\/velocite-narbonne.fr\/#website"},"primaryImageOfPage":{"@id":"https:\/\/velocite-narbonne.fr\/index.php\/partenaires-velocite-narbonne\/#primaryimage"},"image":{"@id":"https:\/\/velocite-narbonne.fr\/index.php\/partenaires-velocite-narbonne\/#primaryimage"},"thumbnailUrl":"https:\/\/velocite-narbonne.fr\/wp-content\/uploads\/2024\/04\/Logo-FUB.svg","datePublished":"2024-04-17T12:05:20+00:00","dateModified":"2025-11-08T19:44:58+00:00","description":"V\u00e9locit\u00e9 travaille en collaboration avec des partenaires associatifs et publics afin de faire avancer la cause du v\u00e9lo.","breadcrumb":{"@id":"https:\/\/velocite-narbonne.fr\/index.php\/partenaires-velocite-narbonne\/#breadcrumb"},"inLanguage":"fr-FR","potentialAction":[{"@type":"ReadAction","target":["https:\/\/velocite-narbonne.fr\/index.php\/partenaires-velocite-narbonne\/"]}]},{"@type":"ImageObject","inLanguage":"fr-FR","@id":"https:\/\/velocite-narbonne.fr\/index.php\/partenaires-velocite-narbonne\/#primaryimage","url":"https:\/\/velocite-narbonne.fr\/wp-content\/uploads\/2024\/04\/Logo-FUB.svg","contentUrl":"https:\/\/velocite-narbonne.fr\/wp-content\/uploads\/2024\/04\/Logo-FUB.svg"},{"@type":"BreadcrumbList","@id":"https:\/\/velocite-narbonne.fr\/index.php\/partenaires-velocite-narbonne\/#breadcrumb","itemListElement":[{"@type":"ListItem","position":1,"name":"Accueil","item":"https:\/\/velocite-narbonne.fr\/"},{"@type":"ListItem","position":2,"name":"Nos partenaires"}]},{"@type":"WebSite","@id":"https:\/\/velocite-narbonne.fr\/#website","url":"https:\/\/velocite-narbonne.fr\/","name":"V\u00e9locit\u00e9 Narbonne","description":"L&#039;association v\u00e9lo du Grand Narbonne","publisher":{"@id":"https:\/\/velocite-narbonne.fr\/#organization"},"potentialAction":[{"@type":"SearchAction","target":{"@type":"EntryPoint","urlTemplate":"https:\/\/velocite-narbonne.fr\/?s={search_term_string}"},"query-input":{"@type":"PropertyValueSpecification","valueRequired":true,"valueName":"search_term_string"}}],"inLanguage":"fr-FR"},{"@type":"Organization","@id":"https:\/\/velocite-narbonne.fr\/#organization","name":"V\u00e9locit\u00e9 Narbonne","url":"https:\/\/velocite-narbonne.fr\/","logo":{"@type":"ImageObject","inLanguage":"fr-FR","@id":"https:\/\/velocite-narbonne.fr\/#\/schema\/logo\/image\/","url":"https:\/\/velocite-narbonne.fr\/wp-content\/uploads\/2021\/10\/cropped-Logo-velocite.png","contentUrl":"https:\/\/velocite-narbonne.fr\/wp-content\/uploads\/2021\/10\/cropped-Logo-velocite.png","width":649,"height":216,"caption":"V\u00e9locit\u00e9 Narbonne"},"image":{"@id":"https:\/\/velocite-narbonne.fr\/#\/schema\/logo\/image\/"}}]}},"_links":{"self":[{"href":"https:\/\/velocite-narbonne.fr\/index.php\/wp-json\/wp\/v2\/pages\/2896","targetHints":{"allow":["GET"]}}],"collection":[{"href":"https:\/\/velocite-narbonne.fr\/index.php\/wp-json\/wp\/v2\/pages"}],"about":[{"href":"https:\/\/velocite-narbonne.fr\/index.php\/wp-json\/wp\/v2\/types\/page"}],"author":[{"embeddable":true,"href":"https:\/\/velocite-narbonne.fr\/index.php\/wp-json\/wp\/v2\/users\/18"}],"replies":[{"embeddable":true,"href":"https:\/\/velocite-narbonne.fr\/index.php\/wp-json\/wp\/v2\/comments?post=2896"}],"version-history":[{"count":11,"href":"https:\/\/velocite-narbonne.fr\/index.php\/wp-json\/wp\/v2\/pages\/2896\/revisions"}],"predecessor-version":[{"id":3458,"href":"https:\/\/velocite-narbonne.fr\/index.php\/wp-json\/wp\/v2\/pages\/2896\/revisions\/3458"}],"wp:attachment":[{"href":"https:\/\/velocite-narbonne.fr\/index.php\/wp-json\/wp\/v2\/media?parent=2896"}],"curies":[{"name":"wp","href":"https:\/\/api.w.org\/{rel}","templated":true}]}}