{"id":2026,"date":"2022-12-04T17:59:17","date_gmt":"2022-12-04T16:59:17","guid":{"rendered":"https:\/\/velocite-narbonne.fr\/?page_id=2026"},"modified":"2024-04-17T10:10:23","modified_gmt":"2024-04-17T08:10:23","slug":"histoire-velocite-narbonne","status":"publish","type":"page","link":"https:\/\/velocite-narbonne.fr\/index.php\/histoire-velocite-narbonne\/","title":{"rendered":"Notre histoire"},"content":{"rendered":"\n<p>L&rsquo;association V\u00e9locit\u00e9 Narbonne s&rsquo;est constitu\u00e9e en 2014. Son but \u00e9tait d&rsquo;encourager et d&rsquo;accompagner la Mairie et l&rsquo;Agglom\u00e9ration dans la r\u00e9alisation d&rsquo;am\u00e9nagements cyclables. L&rsquo;histoire a bien commenc\u00e9, dans une ambiance constructive avec l&rsquo;adjointe \u00e0 l&rsquo;urbanisme. Mais moins de deux ans plus tard, elle d\u00e9missionne, suite \u00e0 l&rsquo;impossibilit\u00e9 de faire avancer les projets aupr\u00e8s du maire.<\/p>\n\n\n\n<p>En 2018, le Grand Narbonne r\u00e9alise la piste cyclable Razimbaud-M\u00e9diath\u00e8que, ce qui donne lieu \u00e0 un grand travail d&rsquo;\u00e9valuation.<\/p>\n\n\n\n<p>En 2019, le projet d&rsquo;atelier d&rsquo;autor\u00e9paration se concr\u00e9tise. Apr\u00e8s avoir \u00e9t\u00e9 mobile, il int\u00e8gre un local fixe, rue g\u00e9n\u00e9ral Mirabel. Les outils sont acquis, et des \u00e9quipes se mettent en place, afin d&rsquo;assurer des permanences, au service des adh\u00e9rents.<\/p>\n\n\n\n<p>En 2020, la Covid a entra\u00een\u00e9 une demande consid\u00e9rable de v\u00e9los de la part de citoyens qui ne voulaient plus prendre les transports en commun. La FUB a pouss\u00e9 le gouvernement a mettre en place le \u00ab\u00a0Coup de pouce v\u00e9lo\u00a0\u00bb, une prime de 50 EUR pour chaque v\u00e9lo r\u00e9par\u00e9. L&rsquo;association s&rsquo;est lanc\u00e9e dans l&rsquo;aventure administrative et a permis de r\u00e9parer une centaine de v\u00e9lo. Cela a g\u00e9n\u00e9r\u00e9 les revenus permettant d&rsquo;acheter un v\u00e9lo cargo, support de l&rsquo;atelier mobile.<\/p>\n\n\n\n<p>Vous pouvez retrouver l&rsquo;histoire de l&rsquo;origine de l&rsquo;association dans <a href=\"https:\/\/velocite-narbonne.fr\/index.php\/2023\/03\/27\/naissance-de-velocite-narbonne\/\">cet article<\/a>.<\/p>\n","protected":false},"excerpt":{"rendered":"<p>L&rsquo;association V\u00e9locit\u00e9 Narbonne s&rsquo;est constitu\u00e9e en 2014. Son but \u00e9tait d&rsquo;encourager et d&rsquo;accompagner la Mairie et l&rsquo;Agglom\u00e9ration dans la r\u00e9alisation d&rsquo;am\u00e9nagements cyclables. L&rsquo;histoire a bien [&#8230;]<\/p>\n","protected":false},"author":18,"featured_media":0,"parent":0,"menu_order":0,"comment_status":"closed","ping_status":"closed","template":"","meta":{"footnotes":""},"class_list":["post-2026","page","type-page","status-publish","hentry"],"yoast_head":"<!-- This site is optimized with the Yoast SEO plugin v27.4 - https:\/\/yoast.com\/product\/yoast-seo-wordpress\/ -->\n<title>Notre histoire - V\u00e9locit\u00e9 Narbonne<\/title>\n<meta name=\"description\" content=\"Petit r\u00e9sum\u00e9 de l&#039;histoire de V\u00e9locit\u00e9 Narbonne. Ce n&#039;est que le d\u00e9but d&#039;une longue aventure.\" \/>\n<meta name=\"robots\" content=\"index, follow, max-snippet:-1, max-image-preview:large, max-video-preview:-1\" \/>\n<link rel=\"canonical\" href=\"https:\/\/velocite-narbonne.fr\/index.php\/histoire-velocite-narbonne\/\" \/>\n<meta property=\"og:locale\" content=\"fr_FR\" \/>\n<meta property=\"og:type\" content=\"article\" \/>\n<meta property=\"og:title\" content=\"Notre histoire - V\u00e9locit\u00e9 Narbonne\" \/>\n<meta property=\"og:description\" content=\"Petit r\u00e9sum\u00e9 de l&#039;histoire de V\u00e9locit\u00e9 Narbonne. Ce n&#039;est que le d\u00e9but d&#039;une longue aventure.\" \/>\n<meta property=\"og:url\" content=\"https:\/\/velocite-narbonne.fr\/index.php\/histoire-velocite-narbonne\/\" \/>\n<meta property=\"og:site_name\" content=\"V\u00e9locit\u00e9 Narbonne\" \/>\n<meta property=\"article:modified_time\" content=\"2024-04-17T08:10:23+00:00\" \/>\n<meta name=\"twitter:card\" content=\"summary_large_image\" \/>\n<meta name=\"twitter:label1\" content=\"Dur\u00e9e de lecture estim\u00e9e\" \/>\n\t<meta name=\"twitter:data1\" content=\"2 minutes\" \/>\n<script type=\"application\/ld+json\" class=\"yoast-schema-graph\">{\"@context\":\"https:\\\/\\\/schema.org\",\"@graph\":[{\"@type\":\"WebPage\",\"@id\":\"https:\\\/\\\/velocite-narbonne.fr\\\/index.php\\\/histoire-velocite-narbonne\\\/\",\"url\":\"https:\\\/\\\/velocite-narbonne.fr\\\/index.php\\\/histoire-velocite-narbonne\\\/\",\"name\":\"Notre histoire - V\u00e9locit\u00e9 Narbonne\",\"isPartOf\":{\"@id\":\"https:\\\/\\\/velocite-narbonne.fr\\\/#website\"},\"datePublished\":\"2022-12-04T16:59:17+00:00\",\"dateModified\":\"2024-04-17T08:10:23+00:00\",\"description\":\"Petit r\u00e9sum\u00e9 de l'histoire de V\u00e9locit\u00e9 Narbonne. Ce n'est que le d\u00e9but d'une longue aventure.\",\"breadcrumb\":{\"@id\":\"https:\\\/\\\/velocite-narbonne.fr\\\/index.php\\\/histoire-velocite-narbonne\\\/#breadcrumb\"},\"inLanguage\":\"fr-FR\",\"potentialAction\":[{\"@type\":\"ReadAction\",\"target\":[\"https:\\\/\\\/velocite-narbonne.fr\\\/index.php\\\/histoire-velocite-narbonne\\\/\"]}]},{\"@type\":\"BreadcrumbList\",\"@id\":\"https:\\\/\\\/velocite-narbonne.fr\\\/index.php\\\/histoire-velocite-narbonne\\\/#breadcrumb\",\"itemListElement\":[{\"@type\":\"ListItem\",\"position\":1,\"name\":\"Accueil\",\"item\":\"https:\\\/\\\/velocite-narbonne.fr\\\/\"},{\"@type\":\"ListItem\",\"position\":2,\"name\":\"Notre histoire\"}]},{\"@type\":\"WebSite\",\"@id\":\"https:\\\/\\\/velocite-narbonne.fr\\\/#website\",\"url\":\"https:\\\/\\\/velocite-narbonne.fr\\\/\",\"name\":\"V\u00e9locit\u00e9 Narbonne\",\"description\":\"L&#039;association v\u00e9lo du Grand Narbonne\",\"publisher\":{\"@id\":\"https:\\\/\\\/velocite-narbonne.fr\\\/#organization\"},\"potentialAction\":[{\"@type\":\"SearchAction\",\"target\":{\"@type\":\"EntryPoint\",\"urlTemplate\":\"https:\\\/\\\/velocite-narbonne.fr\\\/?s={search_term_string}\"},\"query-input\":{\"@type\":\"PropertyValueSpecification\",\"valueRequired\":true,\"valueName\":\"search_term_string\"}}],\"inLanguage\":\"fr-FR\"},{\"@type\":\"Organization\",\"@id\":\"https:\\\/\\\/velocite-narbonne.fr\\\/#organization\",\"name\":\"V\u00e9locit\u00e9 Narbonne\",\"url\":\"https:\\\/\\\/velocite-narbonne.fr\\\/\",\"logo\":{\"@type\":\"ImageObject\",\"inLanguage\":\"fr-FR\",\"@id\":\"https:\\\/\\\/velocite-narbonne.fr\\\/#\\\/schema\\\/logo\\\/image\\\/\",\"url\":\"https:\\\/\\\/velocite-narbonne.fr\\\/wp-content\\\/uploads\\\/2021\\\/10\\\/cropped-Logo-velocite.png\",\"contentUrl\":\"https:\\\/\\\/velocite-narbonne.fr\\\/wp-content\\\/uploads\\\/2021\\\/10\\\/cropped-Logo-velocite.png\",\"width\":649,\"height\":216,\"caption\":\"V\u00e9locit\u00e9 Narbonne\"},\"image\":{\"@id\":\"https:\\\/\\\/velocite-narbonne.fr\\\/#\\\/schema\\\/logo\\\/image\\\/\"}}]}<\/script>\n<!-- \/ Yoast SEO plugin. -->","yoast_head_json":{"title":"Notre histoire - V\u00e9locit\u00e9 Narbonne","description":"Petit r\u00e9sum\u00e9 de l'histoire de V\u00e9locit\u00e9 Narbonne. Ce n'est que le d\u00e9but d'une longue aventure.","robots":{"index":"index","follow":"follow","max-snippet":"max-snippet:-1","max-image-preview":"max-image-preview:large","max-video-preview":"max-video-preview:-1"},"canonical":"https:\/\/velocite-narbonne.fr\/index.php\/histoire-velocite-narbonne\/","og_locale":"fr_FR","og_type":"article","og_title":"Notre histoire - V\u00e9locit\u00e9 Narbonne","og_description":"Petit r\u00e9sum\u00e9 de l'histoire de V\u00e9locit\u00e9 Narbonne. Ce n'est que le d\u00e9but d'une longue aventure.","og_url":"https:\/\/velocite-narbonne.fr\/index.php\/histoire-velocite-narbonne\/","og_site_name":"V\u00e9locit\u00e9 Narbonne","article_modified_time":"2024-04-17T08:10:23+00:00","twitter_card":"summary_large_image","twitter_misc":{"Dur\u00e9e de lecture estim\u00e9e":"2 minutes"},"schema":{"@context":"https:\/\/schema.org","@graph":[{"@type":"WebPage","@id":"https:\/\/velocite-narbonne.fr\/index.php\/histoire-velocite-narbonne\/","url":"https:\/\/velocite-narbonne.fr\/index.php\/histoire-velocite-narbonne\/","name":"Notre histoire - V\u00e9locit\u00e9 Narbonne","isPartOf":{"@id":"https:\/\/velocite-narbonne.fr\/#website"},"datePublished":"2022-12-04T16:59:17+00:00","dateModified":"2024-04-17T08:10:23+00:00","description":"Petit r\u00e9sum\u00e9 de l'histoire de V\u00e9locit\u00e9 Narbonne. Ce n'est que le d\u00e9but d'une longue aventure.","breadcrumb":{"@id":"https:\/\/velocite-narbonne.fr\/index.php\/histoire-velocite-narbonne\/#breadcrumb"},"inLanguage":"fr-FR","potentialAction":[{"@type":"ReadAction","target":["https:\/\/velocite-narbonne.fr\/index.php\/histoire-velocite-narbonne\/"]}]},{"@type":"BreadcrumbList","@id":"https:\/\/velocite-narbonne.fr\/index.php\/histoire-velocite-narbonne\/#breadcrumb","itemListElement":[{"@type":"ListItem","position":1,"name":"Accueil","item":"https:\/\/velocite-narbonne.fr\/"},{"@type":"ListItem","position":2,"name":"Notre histoire"}]},{"@type":"WebSite","@id":"https:\/\/velocite-narbonne.fr\/#website","url":"https:\/\/velocite-narbonne.fr\/","name":"V\u00e9locit\u00e9 Narbonne","description":"L&#039;association v\u00e9lo du Grand Narbonne","publisher":{"@id":"https:\/\/velocite-narbonne.fr\/#organization"},"potentialAction":[{"@type":"SearchAction","target":{"@type":"EntryPoint","urlTemplate":"https:\/\/velocite-narbonne.fr\/?s={search_term_string}"},"query-input":{"@type":"PropertyValueSpecification","valueRequired":true,"valueName":"search_term_string"}}],"inLanguage":"fr-FR"},{"@type":"Organization","@id":"https:\/\/velocite-narbonne.fr\/#organization","name":"V\u00e9locit\u00e9 Narbonne","url":"https:\/\/velocite-narbonne.fr\/","logo":{"@type":"ImageObject","inLanguage":"fr-FR","@id":"https:\/\/velocite-narbonne.fr\/#\/schema\/logo\/image\/","url":"https:\/\/velocite-narbonne.fr\/wp-content\/uploads\/2021\/10\/cropped-Logo-velocite.png","contentUrl":"https:\/\/velocite-narbonne.fr\/wp-content\/uploads\/2021\/10\/cropped-Logo-velocite.png","width":649,"height":216,"caption":"V\u00e9locit\u00e9 Narbonne"},"image":{"@id":"https:\/\/velocite-narbonne.fr\/#\/schema\/logo\/image\/"}}]}},"_links":{"self":[{"href":"https:\/\/velocite-narbonne.fr\/index.php\/wp-json\/wp\/v2\/pages\/2026","targetHints":{"allow":["GET"]}}],"collection":[{"href":"https:\/\/velocite-narbonne.fr\/index.php\/wp-json\/wp\/v2\/pages"}],"about":[{"href":"https:\/\/velocite-narbonne.fr\/index.php\/wp-json\/wp\/v2\/types\/page"}],"author":[{"embeddable":true,"href":"https:\/\/velocite-narbonne.fr\/index.php\/wp-json\/wp\/v2\/users\/18"}],"replies":[{"embeddable":true,"href":"https:\/\/velocite-narbonne.fr\/index.php\/wp-json\/wp\/v2\/comments?post=2026"}],"version-history":[{"count":2,"href":"https:\/\/velocite-narbonne.fr\/index.php\/wp-json\/wp\/v2\/pages\/2026\/revisions"}],"predecessor-version":[{"id":2881,"href":"https:\/\/velocite-narbonne.fr\/index.php\/wp-json\/wp\/v2\/pages\/2026\/revisions\/2881"}],"wp:attachment":[{"href":"https:\/\/velocite-narbonne.fr\/index.php\/wp-json\/wp\/v2\/media?parent=2026"}],"curies":[{"name":"wp","href":"https:\/\/api.w.org\/{rel}","templated":true}]}}