{"id":18,"date":"2014-10-16T08:54:51","date_gmt":"2014-10-16T06:54:51","guid":{"rendered":"http:\/\/velocitenarbonne.wordpress.com\/?page_id=18"},"modified":"2026-01-18T16:35:51","modified_gmt":"2026-01-18T15:35:51","slug":"adherer-velocite-narbonne","status":"publish","type":"page","link":"https:\/\/velocite-narbonne.fr\/index.php\/adherer-velocite-narbonne\/","title":{"rendered":"Adh\u00e9rer"},"content":{"rendered":"\n<figure class=\"wp-block-image aligncenter size-full\"><img decoding=\"async\" width=\"647\" height=\"196\" data-src=\"https:\/\/velocite-narbonne.fr\/wp-content\/uploads\/2022\/12\/Adherer-velocite.png\" alt=\"Adh\u00e9rer \u00e0 V\u00e9locit\u00e9 Narbonne\" class=\"wp-image-2118 lazyload\" data-srcset=\"https:\/\/velocite-narbonne.fr\/wp-content\/uploads\/2022\/12\/Adherer-velocite.png 647w, https:\/\/velocite-narbonne.fr\/wp-content\/uploads\/2022\/12\/Adherer-velocite-300x91.png 300w\" data-sizes=\"(max-width: 647px) 100vw, 647px\" src=\"data:image\/svg+xml;base64,PHN2ZyB3aWR0aD0iMSIgaGVpZ2h0PSIxIiB4bWxucz0iaHR0cDovL3d3dy53My5vcmcvMjAwMC9zdmciPjwvc3ZnPg==\" style=\"--smush-placeholder-width: 647px; --smush-placeholder-aspect-ratio: 647\/196;\" \/><\/figure>\n\n\n\n<h2 class=\"wp-block-heading\">Pourquoi adh\u00e9rer \u00e0 V\u00e9locit\u00e9 Narbonne<\/h2>\n\n\n\n<p>En adh\u00e9rant \u00e0 l&rsquo;association,<\/p>\n\n\n\n<ul class=\"wp-block-list\">\n<li>vous b\u00e9n\u00e9ficiez de l&rsquo;acc\u00e8s \u00e0 l&rsquo;<strong>atelier<\/strong> et des conseils de nos b\u00e9n\u00e9voles toute l&rsquo;ann\u00e9e.<\/li>\n\n\n\n<li>vous \u00eates <strong>invit\u00e9s<\/strong> \u00e0 nos \u00e9v\u00e9nements et \u00eates tenus au courant de l&rsquo;actualit\u00e9 cycliste de Narbonne.<\/li>\n\n\n\n<li>vous renforcez les <strong>moyens financiers<\/strong> de l&rsquo;association et lui permettez de r\u00e9aliser plus de choses.<\/li>\n\n\n\n<li>vous augmentez la <strong>repr\u00e9sentativit\u00e9<\/strong> de l&rsquo;association, et ainsi sa force vis-\u00e0-vis des autorit\u00e9s.<\/li>\n<\/ul>\n\n\n\n<p>Au fur et \u00e0 mesure de l&rsquo;augmentation de nos moyens, nous d\u00e9velopperons de nouveaux services. Vous \u00eates bien s\u00fbr invit\u00e9s \u00e0 <a href=\"https:\/\/velocite-narbonne.fr\/index.php\/devenir-benevole-velocite-narbonne\/\">participer<\/a>, si vous avez un peu de temps libre.<\/p>\n\n\n\n<h2 class=\"wp-block-heading\">Comment adh\u00e9rer \u00e0 V\u00e9locit\u00e9 Narbonne<\/h2>\n\n\n\n<h3 class=\"wp-block-heading\">En ligne<\/h3>\n\n\n\n<p>Vous pouvez <a href=\"https:\/\/www.helloasso.com\/associations\/velocite-narbonne\/adhesions\/adhesion-velocite-narbonne\" target=\"_blank\" rel=\"noreferrer noopener\">adh\u00e9rer<\/a> en ligne par carte bancaire sur le site HelloAsso. <br>C&rsquo;est s\u00e9curis\u00e9 et gratuit (\u00e0 la derni\u00e8re \u00e9tape, cocher <strong>pas de pourboire).<\/strong><\/p>\n\n\n\n<p>Vous pouvez aussi faire un <a href=\"https:\/\/www.helloasso.com\/associations\/velocite-narbonne\/formulaires\/1\" target=\"_blank\" rel=\"noreferrer noopener\">don<\/a> \u00e0 l&rsquo;association<\/p>\n\n\n\n<h3 class=\"wp-block-heading\">Sur papier<\/h3>\n\n\n\n<p>Vous pouvez aussi imprimer un <a href=\"https:\/\/velocite-narbonne.fr\/wp-content\/uploads\/2022\/12\/Bulletin-dadhesion.pdf\">bulletin d&rsquo;adh\u00e9sion<\/a> et nous l&rsquo;envoyer, accompagn\u00e9 d&rsquo;un ch\u00e8que \u00e0 l&rsquo;adresse : <br>1 impasse Rameau<br>11100 Narbonne<\/p>\n\n\n\n<h3 class=\"wp-block-heading\">A l&rsquo;atelier<\/h3>\n\n\n\n<p>Vous pouvez bien s\u00fbr aussi venir nous rencontrer \u00e0 l&rsquo;atelier aux <a href=\"https:\/\/velocite-narbonne.fr\/index.php\/atelier\/\">heures d&rsquo;ouverture<\/a> ou sur des \u00e9v\u00e9nements, et payer en esp\u00e8ces.<\/p>\n\n\n\n<h2 class=\"wp-block-heading\">Combien pour adh\u00e9rer \u00e0 V\u00e9locit\u00e9 Narbonne<\/h2>\n\n\n\n<p>Individuel : 10 euros<br>Couple\/famille : 15\/20 euros<br>Personne en difficult\u00e9 financi\u00e8re : \u00e0 partir de 1 euro<br>Cotisation de soutien : montant libre<\/p>\n","protected":false},"excerpt":{"rendered":"<p>Pourquoi adh\u00e9rer \u00e0 V\u00e9locit\u00e9 Narbonne En adh\u00e9rant \u00e0 l&rsquo;association, Au fur et \u00e0 mesure de l&rsquo;augmentation de nos moyens, nous d\u00e9velopperons de nouveaux services. Vous [&#8230;]<\/p>\n","protected":false},"author":20,"featured_media":0,"parent":0,"menu_order":0,"comment_status":"open","ping_status":"closed","template":"","meta":{"footnotes":""},"class_list":["post-18","page","type-page","status-publish","hentry"],"yoast_head":"<!-- This site is optimized with the Yoast SEO plugin v27.4 - https:\/\/yoast.com\/product\/yoast-seo-wordpress\/ -->\n<title>Adh\u00e9rer V\u00e9locit\u00e9 Narbonne<\/title>\n<meta name=\"description\" content=\"Vous souhaitez adh\u00e9rer \u00e0 V\u00e9locit\u00e9 Narbonne. Vous trouverez toutes les informations sur cette page. Merci d&#039;avance pour votre soutien.\" \/>\n<meta name=\"robots\" content=\"index, follow, max-snippet:-1, max-image-preview:large, max-video-preview:-1\" \/>\n<link rel=\"canonical\" href=\"https:\/\/velocite-narbonne.fr\/index.php\/adherer-velocite-narbonne\/\" \/>\n<meta property=\"og:locale\" content=\"fr_FR\" \/>\n<meta property=\"og:type\" content=\"article\" \/>\n<meta property=\"og:title\" content=\"Adh\u00e9rer V\u00e9locit\u00e9 Narbonne\" \/>\n<meta property=\"og:description\" content=\"Vous souhaitez adh\u00e9rer \u00e0 V\u00e9locit\u00e9 Narbonne. Vous trouverez toutes les informations sur cette page. Merci d&#039;avance pour votre soutien.\" \/>\n<meta property=\"og:url\" content=\"https:\/\/velocite-narbonne.fr\/index.php\/adherer-velocite-narbonne\/\" \/>\n<meta property=\"og:site_name\" content=\"V\u00e9locit\u00e9 Narbonne\" \/>\n<meta property=\"article:modified_time\" content=\"2026-01-18T15:35:51+00:00\" \/>\n<meta property=\"og:image\" content=\"https:\/\/velocite-narbonne.fr\/wp-content\/uploads\/2022\/12\/Adherer-velocite.png\" \/>\n\t<meta property=\"og:image:width\" content=\"647\" \/>\n\t<meta property=\"og:image:height\" content=\"196\" \/>\n\t<meta property=\"og:image:type\" content=\"image\/png\" \/>\n<meta name=\"twitter:card\" content=\"summary_large_image\" \/>\n<meta name=\"twitter:label1\" content=\"Dur\u00e9e de lecture estim\u00e9e\" \/>\n\t<meta name=\"twitter:data1\" content=\"2 minutes\" \/>\n<script type=\"application\/ld+json\" class=\"yoast-schema-graph\">{\"@context\":\"https:\\\/\\\/schema.org\",\"@graph\":[{\"@type\":\"WebPage\",\"@id\":\"https:\\\/\\\/velocite-narbonne.fr\\\/index.php\\\/adherer-velocite-narbonne\\\/\",\"url\":\"https:\\\/\\\/velocite-narbonne.fr\\\/index.php\\\/adherer-velocite-narbonne\\\/\",\"name\":\"Adh\u00e9rer V\u00e9locit\u00e9 Narbonne\",\"isPartOf\":{\"@id\":\"https:\\\/\\\/velocite-narbonne.fr\\\/#website\"},\"primaryImageOfPage\":{\"@id\":\"https:\\\/\\\/velocite-narbonne.fr\\\/index.php\\\/adherer-velocite-narbonne\\\/#primaryimage\"},\"image\":{\"@id\":\"https:\\\/\\\/velocite-narbonne.fr\\\/index.php\\\/adherer-velocite-narbonne\\\/#primaryimage\"},\"thumbnailUrl\":\"https:\\\/\\\/velocite-narbonne.fr\\\/wp-content\\\/uploads\\\/2022\\\/12\\\/Adherer-velocite.png\",\"datePublished\":\"2014-10-16T06:54:51+00:00\",\"dateModified\":\"2026-01-18T15:35:51+00:00\",\"description\":\"Vous souhaitez adh\u00e9rer \u00e0 V\u00e9locit\u00e9 Narbonne. Vous trouverez toutes les informations sur cette page. Merci d'avance pour votre soutien.\",\"breadcrumb\":{\"@id\":\"https:\\\/\\\/velocite-narbonne.fr\\\/index.php\\\/adherer-velocite-narbonne\\\/#breadcrumb\"},\"inLanguage\":\"fr-FR\",\"potentialAction\":[{\"@type\":\"ReadAction\",\"target\":[\"https:\\\/\\\/velocite-narbonne.fr\\\/index.php\\\/adherer-velocite-narbonne\\\/\"]}]},{\"@type\":\"ImageObject\",\"inLanguage\":\"fr-FR\",\"@id\":\"https:\\\/\\\/velocite-narbonne.fr\\\/index.php\\\/adherer-velocite-narbonne\\\/#primaryimage\",\"url\":\"https:\\\/\\\/velocite-narbonne.fr\\\/wp-content\\\/uploads\\\/2022\\\/12\\\/Adherer-velocite.png\",\"contentUrl\":\"https:\\\/\\\/velocite-narbonne.fr\\\/wp-content\\\/uploads\\\/2022\\\/12\\\/Adherer-velocite.png\",\"width\":647,\"height\":196},{\"@type\":\"BreadcrumbList\",\"@id\":\"https:\\\/\\\/velocite-narbonne.fr\\\/index.php\\\/adherer-velocite-narbonne\\\/#breadcrumb\",\"itemListElement\":[{\"@type\":\"ListItem\",\"position\":1,\"name\":\"Accueil\",\"item\":\"https:\\\/\\\/velocite-narbonne.fr\\\/\"},{\"@type\":\"ListItem\",\"position\":2,\"name\":\"Adh\u00e9rer\"}]},{\"@type\":\"WebSite\",\"@id\":\"https:\\\/\\\/velocite-narbonne.fr\\\/#website\",\"url\":\"https:\\\/\\\/velocite-narbonne.fr\\\/\",\"name\":\"V\u00e9locit\u00e9 Narbonne\",\"description\":\"L&#039;association v\u00e9lo du Grand Narbonne\",\"publisher\":{\"@id\":\"https:\\\/\\\/velocite-narbonne.fr\\\/#organization\"},\"potentialAction\":[{\"@type\":\"SearchAction\",\"target\":{\"@type\":\"EntryPoint\",\"urlTemplate\":\"https:\\\/\\\/velocite-narbonne.fr\\\/?s={search_term_string}\"},\"query-input\":{\"@type\":\"PropertyValueSpecification\",\"valueRequired\":true,\"valueName\":\"search_term_string\"}}],\"inLanguage\":\"fr-FR\"},{\"@type\":\"Organization\",\"@id\":\"https:\\\/\\\/velocite-narbonne.fr\\\/#organization\",\"name\":\"V\u00e9locit\u00e9 Narbonne\",\"url\":\"https:\\\/\\\/velocite-narbonne.fr\\\/\",\"logo\":{\"@type\":\"ImageObject\",\"inLanguage\":\"fr-FR\",\"@id\":\"https:\\\/\\\/velocite-narbonne.fr\\\/#\\\/schema\\\/logo\\\/image\\\/\",\"url\":\"https:\\\/\\\/velocite-narbonne.fr\\\/wp-content\\\/uploads\\\/2021\\\/10\\\/cropped-Logo-velocite.png\",\"contentUrl\":\"https:\\\/\\\/velocite-narbonne.fr\\\/wp-content\\\/uploads\\\/2021\\\/10\\\/cropped-Logo-velocite.png\",\"width\":649,\"height\":216,\"caption\":\"V\u00e9locit\u00e9 Narbonne\"},\"image\":{\"@id\":\"https:\\\/\\\/velocite-narbonne.fr\\\/#\\\/schema\\\/logo\\\/image\\\/\"}}]}<\/script>\n<!-- \/ Yoast SEO plugin. -->","yoast_head_json":{"title":"Adh\u00e9rer V\u00e9locit\u00e9 Narbonne","description":"Vous souhaitez adh\u00e9rer \u00e0 V\u00e9locit\u00e9 Narbonne. Vous trouverez toutes les informations sur cette page. Merci d'avance pour votre soutien.","robots":{"index":"index","follow":"follow","max-snippet":"max-snippet:-1","max-image-preview":"max-image-preview:large","max-video-preview":"max-video-preview:-1"},"canonical":"https:\/\/velocite-narbonne.fr\/index.php\/adherer-velocite-narbonne\/","og_locale":"fr_FR","og_type":"article","og_title":"Adh\u00e9rer V\u00e9locit\u00e9 Narbonne","og_description":"Vous souhaitez adh\u00e9rer \u00e0 V\u00e9locit\u00e9 Narbonne. Vous trouverez toutes les informations sur cette page. Merci d'avance pour votre soutien.","og_url":"https:\/\/velocite-narbonne.fr\/index.php\/adherer-velocite-narbonne\/","og_site_name":"V\u00e9locit\u00e9 Narbonne","article_modified_time":"2026-01-18T15:35:51+00:00","og_image":[{"width":647,"height":196,"url":"https:\/\/velocite-narbonne.fr\/wp-content\/uploads\/2022\/12\/Adherer-velocite.png","type":"image\/png"}],"twitter_card":"summary_large_image","twitter_misc":{"Dur\u00e9e de lecture estim\u00e9e":"2 minutes"},"schema":{"@context":"https:\/\/schema.org","@graph":[{"@type":"WebPage","@id":"https:\/\/velocite-narbonne.fr\/index.php\/adherer-velocite-narbonne\/","url":"https:\/\/velocite-narbonne.fr\/index.php\/adherer-velocite-narbonne\/","name":"Adh\u00e9rer V\u00e9locit\u00e9 Narbonne","isPartOf":{"@id":"https:\/\/velocite-narbonne.fr\/#website"},"primaryImageOfPage":{"@id":"https:\/\/velocite-narbonne.fr\/index.php\/adherer-velocite-narbonne\/#primaryimage"},"image":{"@id":"https:\/\/velocite-narbonne.fr\/index.php\/adherer-velocite-narbonne\/#primaryimage"},"thumbnailUrl":"https:\/\/velocite-narbonne.fr\/wp-content\/uploads\/2022\/12\/Adherer-velocite.png","datePublished":"2014-10-16T06:54:51+00:00","dateModified":"2026-01-18T15:35:51+00:00","description":"Vous souhaitez adh\u00e9rer \u00e0 V\u00e9locit\u00e9 Narbonne. Vous trouverez toutes les informations sur cette page. Merci d'avance pour votre soutien.","breadcrumb":{"@id":"https:\/\/velocite-narbonne.fr\/index.php\/adherer-velocite-narbonne\/#breadcrumb"},"inLanguage":"fr-FR","potentialAction":[{"@type":"ReadAction","target":["https:\/\/velocite-narbonne.fr\/index.php\/adherer-velocite-narbonne\/"]}]},{"@type":"ImageObject","inLanguage":"fr-FR","@id":"https:\/\/velocite-narbonne.fr\/index.php\/adherer-velocite-narbonne\/#primaryimage","url":"https:\/\/velocite-narbonne.fr\/wp-content\/uploads\/2022\/12\/Adherer-velocite.png","contentUrl":"https:\/\/velocite-narbonne.fr\/wp-content\/uploads\/2022\/12\/Adherer-velocite.png","width":647,"height":196},{"@type":"BreadcrumbList","@id":"https:\/\/velocite-narbonne.fr\/index.php\/adherer-velocite-narbonne\/#breadcrumb","itemListElement":[{"@type":"ListItem","position":1,"name":"Accueil","item":"https:\/\/velocite-narbonne.fr\/"},{"@type":"ListItem","position":2,"name":"Adh\u00e9rer"}]},{"@type":"WebSite","@id":"https:\/\/velocite-narbonne.fr\/#website","url":"https:\/\/velocite-narbonne.fr\/","name":"V\u00e9locit\u00e9 Narbonne","description":"L&#039;association v\u00e9lo du Grand Narbonne","publisher":{"@id":"https:\/\/velocite-narbonne.fr\/#organization"},"potentialAction":[{"@type":"SearchAction","target":{"@type":"EntryPoint","urlTemplate":"https:\/\/velocite-narbonne.fr\/?s={search_term_string}"},"query-input":{"@type":"PropertyValueSpecification","valueRequired":true,"valueName":"search_term_string"}}],"inLanguage":"fr-FR"},{"@type":"Organization","@id":"https:\/\/velocite-narbonne.fr\/#organization","name":"V\u00e9locit\u00e9 Narbonne","url":"https:\/\/velocite-narbonne.fr\/","logo":{"@type":"ImageObject","inLanguage":"fr-FR","@id":"https:\/\/velocite-narbonne.fr\/#\/schema\/logo\/image\/","url":"https:\/\/velocite-narbonne.fr\/wp-content\/uploads\/2021\/10\/cropped-Logo-velocite.png","contentUrl":"https:\/\/velocite-narbonne.fr\/wp-content\/uploads\/2021\/10\/cropped-Logo-velocite.png","width":649,"height":216,"caption":"V\u00e9locit\u00e9 Narbonne"},"image":{"@id":"https:\/\/velocite-narbonne.fr\/#\/schema\/logo\/image\/"}}]}},"_links":{"self":[{"href":"https:\/\/velocite-narbonne.fr\/index.php\/wp-json\/wp\/v2\/pages\/18","targetHints":{"allow":["GET"]}}],"collection":[{"href":"https:\/\/velocite-narbonne.fr\/index.php\/wp-json\/wp\/v2\/pages"}],"about":[{"href":"https:\/\/velocite-narbonne.fr\/index.php\/wp-json\/wp\/v2\/types\/page"}],"author":[{"embeddable":true,"href":"https:\/\/velocite-narbonne.fr\/index.php\/wp-json\/wp\/v2\/users\/20"}],"replies":[{"embeddable":true,"href":"https:\/\/velocite-narbonne.fr\/index.php\/wp-json\/wp\/v2\/comments?post=18"}],"version-history":[{"count":9,"href":"https:\/\/velocite-narbonne.fr\/index.php\/wp-json\/wp\/v2\/pages\/18\/revisions"}],"predecessor-version":[{"id":3579,"href":"https:\/\/velocite-narbonne.fr\/index.php\/wp-json\/wp\/v2\/pages\/18\/revisions\/3579"}],"wp:attachment":[{"href":"https:\/\/velocite-narbonne.fr\/index.php\/wp-json\/wp\/v2\/media?parent=18"}],"curies":[{"name":"wp","href":"https:\/\/api.w.org\/{rel}","templated":true}]}}