{"id":14,"date":"2014-10-15T16:45:33","date_gmt":"2014-10-15T14:45:33","guid":{"rendered":"http:\/\/velocitenarbonne.wordpress.com\/?page_id=14"},"modified":"2025-11-28T18:01:07","modified_gmt":"2025-11-28T17:01:07","slug":"contacts-velocite-narbonne","status":"publish","type":"page","link":"https:\/\/velocite-narbonne.fr\/index.php\/contacts-velocite-narbonne\/","title":{"rendered":"Contacts"},"content":{"rendered":"\n<figure class=\"wp-block-image aligncenter size-full\"><img decoding=\"async\" width=\"524\" height=\"495\" data-src=\"https:\/\/velocite-narbonne.fr\/wp-content\/uploads\/2022\/11\/Velo-postal.jpg\" alt=\"Contacts V\u00e9locit\u00e9 Narbonne\" class=\"wp-image-1933 lazyload\" data-srcset=\"https:\/\/velocite-narbonne.fr\/wp-content\/uploads\/2022\/11\/Velo-postal.jpg 524w, https:\/\/velocite-narbonne.fr\/wp-content\/uploads\/2022\/11\/Velo-postal-300x283.jpg 300w\" data-sizes=\"(max-width: 524px) 100vw, 524px\" src=\"data:image\/svg+xml;base64,PHN2ZyB3aWR0aD0iMSIgaGVpZ2h0PSIxIiB4bWxucz0iaHR0cDovL3d3dy53My5vcmcvMjAwMC9zdmciPjwvc3ZnPg==\" style=\"--smush-placeholder-width: 524px; --smush-placeholder-aspect-ratio: 524\/495;\" \/><\/figure>\n\n\n\n<h2 class=\"wp-block-heading\">L&rsquo;association<\/h2>\n\n\n\n<p>Pour toute information ou demande de renseignement concernant V\u00e9locit\u00e9, veuillez envoyer un email \u00e0 <a href=\"mailto:contact@velocite-narbonne.fr\"><\/a><a href=\"mailto:contact@velocite-narbonne.fr\" target=\"_blank\" rel=\"noreferrer noopener\">contact@velocite-narbonne.fr<\/a><\/p>\n\n\n\n<p>Si vous souhaitez nous donner un coup de main ponctuellement ou r\u00e9guli\u00e8rement, rendez-vous sur cette <a href=\"https:\/\/velocite-narbonne.fr\/index.php\/devenir-benevole\/\">page<\/a><\/p>\n\n\n\n<p>Vous pouvez aussi nous suivre sur <a href=\"https:\/\/www.facebook.com\/velocitenarbonne\/\">Facebook<\/a>, <a href=\"https:\/\/www.instagram.com\/velocitenarbonne\/\" target=\"_blank\" rel=\"noreferrer noopener\">Instagram<\/a> ou sur <a href=\"https:\/\/bsky.app\/profile\/velocitenarbonne.bsky.social\" target=\"_blank\" rel=\"noreferrer noopener\">Bluesky<\/a><\/p>\n\n\n\n<p>N&rsquo;h\u00e9sitez pas non plus \u00e0 passer \u00e0 l&rsquo;atelier aux <a href=\"https:\/\/velocite-narbonne.fr\/index.php\/atelier\/\">heures d&rsquo;ouverture<\/a>. On vous offrira m\u00eame le caf\u00e9.<\/p>\n\n\n\n<p>Le si\u00e8ge social et l&rsquo;atelier sont situ\u00e9s au 1 impasse Rameau, 11100 Narbonne.<\/p>\n\n\n\n<h2 class=\"wp-block-heading\">Le site web<\/h2>\n\n\n\n<p>Si vous trouvez que ce site web est le pire que vous aillez jamais vu, ou le plus beau de la terre, vous pouvez \u00e9crire au <a href=\"mailto:webmaster@velocite-narbonne.fr\">webmaster<\/a> pour qu&rsquo;il puisse encore am\u00e9liorer le site.<\/p>\n\n\n\n<p><\/p>\n","protected":false},"excerpt":{"rendered":"<p>L&rsquo;association Pour toute information ou demande de renseignement concernant V\u00e9locit\u00e9, veuillez envoyer un email \u00e0 contact@velocite-narbonne.fr Si vous souhaitez nous donner un coup de main [&#8230;]<\/p>\n","protected":false},"author":20,"featured_media":1933,"parent":0,"menu_order":0,"comment_status":"closed","ping_status":"closed","template":"","meta":{"footnotes":""},"class_list":["post-14","page","type-page","status-publish","has-post-thumbnail","hentry"],"yoast_head":"<!-- This site is optimized with the Yoast SEO plugin v27.3 - https:\/\/yoast.com\/product\/yoast-seo-wordpress\/ -->\n<title>Contacts V\u00e9locit\u00e9 Narbonne<\/title>\n<meta name=\"description\" content=\"Retrouvez tous les contacts de V\u00e9locit\u00e9 Narbonne sur cette page. N&#039;h\u00e9sitez pas \u00e0 envoyer un petit message, \u00e7a nous fera plaisir.\" \/>\n<meta name=\"robots\" content=\"index, follow, max-snippet:-1, max-image-preview:large, max-video-preview:-1\" \/>\n<link rel=\"canonical\" href=\"https:\/\/velocite-narbonne.fr\/index.php\/contacts-velocite-narbonne\/\" \/>\n<meta property=\"og:locale\" content=\"fr_FR\" \/>\n<meta property=\"og:type\" content=\"article\" \/>\n<meta property=\"og:title\" content=\"Contacts V\u00e9locit\u00e9 Narbonne\" \/>\n<meta property=\"og:description\" content=\"Retrouvez tous les contacts de V\u00e9locit\u00e9 Narbonne sur cette page. N&#039;h\u00e9sitez pas \u00e0 envoyer un petit message, \u00e7a nous fera plaisir.\" \/>\n<meta property=\"og:url\" content=\"https:\/\/velocite-narbonne.fr\/index.php\/contacts-velocite-narbonne\/\" \/>\n<meta property=\"og:site_name\" content=\"V\u00e9locit\u00e9 Narbonne\" \/>\n<meta property=\"article:modified_time\" content=\"2025-11-28T17:01:07+00:00\" \/>\n<meta property=\"og:image\" content=\"https:\/\/velocite-narbonne.fr\/wp-content\/uploads\/2022\/11\/Velo-postal.jpg\" \/>\n\t<meta property=\"og:image:width\" content=\"524\" \/>\n\t<meta property=\"og:image:height\" content=\"495\" \/>\n\t<meta property=\"og:image:type\" content=\"image\/jpeg\" \/>\n<meta name=\"twitter:card\" content=\"summary_large_image\" \/>\n<meta name=\"twitter:label1\" content=\"Dur\u00e9e de lecture estim\u00e9e\" \/>\n\t<meta name=\"twitter:data1\" content=\"1 minute\" \/>\n<script type=\"application\/ld+json\" class=\"yoast-schema-graph\">{\"@context\":\"https:\\\/\\\/schema.org\",\"@graph\":[{\"@type\":\"WebPage\",\"@id\":\"https:\\\/\\\/velocite-narbonne.fr\\\/index.php\\\/contacts-velocite-narbonne\\\/\",\"url\":\"https:\\\/\\\/velocite-narbonne.fr\\\/index.php\\\/contacts-velocite-narbonne\\\/\",\"name\":\"Contacts V\u00e9locit\u00e9 Narbonne\",\"isPartOf\":{\"@id\":\"https:\\\/\\\/velocite-narbonne.fr\\\/#website\"},\"primaryImageOfPage\":{\"@id\":\"https:\\\/\\\/velocite-narbonne.fr\\\/index.php\\\/contacts-velocite-narbonne\\\/#primaryimage\"},\"image\":{\"@id\":\"https:\\\/\\\/velocite-narbonne.fr\\\/index.php\\\/contacts-velocite-narbonne\\\/#primaryimage\"},\"thumbnailUrl\":\"https:\\\/\\\/velocite-narbonne.fr\\\/wp-content\\\/uploads\\\/2022\\\/11\\\/Velo-postal.jpg\",\"datePublished\":\"2014-10-15T14:45:33+00:00\",\"dateModified\":\"2025-11-28T17:01:07+00:00\",\"description\":\"Retrouvez tous les contacts de V\u00e9locit\u00e9 Narbonne sur cette page. N'h\u00e9sitez pas \u00e0 envoyer un petit message, \u00e7a nous fera plaisir.\",\"breadcrumb\":{\"@id\":\"https:\\\/\\\/velocite-narbonne.fr\\\/index.php\\\/contacts-velocite-narbonne\\\/#breadcrumb\"},\"inLanguage\":\"fr-FR\",\"potentialAction\":[{\"@type\":\"ReadAction\",\"target\":[\"https:\\\/\\\/velocite-narbonne.fr\\\/index.php\\\/contacts-velocite-narbonne\\\/\"]}]},{\"@type\":\"ImageObject\",\"inLanguage\":\"fr-FR\",\"@id\":\"https:\\\/\\\/velocite-narbonne.fr\\\/index.php\\\/contacts-velocite-narbonne\\\/#primaryimage\",\"url\":\"https:\\\/\\\/velocite-narbonne.fr\\\/wp-content\\\/uploads\\\/2022\\\/11\\\/Velo-postal.jpg\",\"contentUrl\":\"https:\\\/\\\/velocite-narbonne.fr\\\/wp-content\\\/uploads\\\/2022\\\/11\\\/Velo-postal.jpg\",\"width\":524,\"height\":495},{\"@type\":\"BreadcrumbList\",\"@id\":\"https:\\\/\\\/velocite-narbonne.fr\\\/index.php\\\/contacts-velocite-narbonne\\\/#breadcrumb\",\"itemListElement\":[{\"@type\":\"ListItem\",\"position\":1,\"name\":\"Accueil\",\"item\":\"https:\\\/\\\/velocite-narbonne.fr\\\/\"},{\"@type\":\"ListItem\",\"position\":2,\"name\":\"Contacts\"}]},{\"@type\":\"WebSite\",\"@id\":\"https:\\\/\\\/velocite-narbonne.fr\\\/#website\",\"url\":\"https:\\\/\\\/velocite-narbonne.fr\\\/\",\"name\":\"V\u00e9locit\u00e9 Narbonne\",\"description\":\"L&#039;association v\u00e9lo du Grand Narbonne\",\"publisher\":{\"@id\":\"https:\\\/\\\/velocite-narbonne.fr\\\/#organization\"},\"potentialAction\":[{\"@type\":\"SearchAction\",\"target\":{\"@type\":\"EntryPoint\",\"urlTemplate\":\"https:\\\/\\\/velocite-narbonne.fr\\\/?s={search_term_string}\"},\"query-input\":{\"@type\":\"PropertyValueSpecification\",\"valueRequired\":true,\"valueName\":\"search_term_string\"}}],\"inLanguage\":\"fr-FR\"},{\"@type\":\"Organization\",\"@id\":\"https:\\\/\\\/velocite-narbonne.fr\\\/#organization\",\"name\":\"V\u00e9locit\u00e9 Narbonne\",\"url\":\"https:\\\/\\\/velocite-narbonne.fr\\\/\",\"logo\":{\"@type\":\"ImageObject\",\"inLanguage\":\"fr-FR\",\"@id\":\"https:\\\/\\\/velocite-narbonne.fr\\\/#\\\/schema\\\/logo\\\/image\\\/\",\"url\":\"https:\\\/\\\/velocite-narbonne.fr\\\/wp-content\\\/uploads\\\/2021\\\/10\\\/cropped-Logo-velocite.png\",\"contentUrl\":\"https:\\\/\\\/velocite-narbonne.fr\\\/wp-content\\\/uploads\\\/2021\\\/10\\\/cropped-Logo-velocite.png\",\"width\":649,\"height\":216,\"caption\":\"V\u00e9locit\u00e9 Narbonne\"},\"image\":{\"@id\":\"https:\\\/\\\/velocite-narbonne.fr\\\/#\\\/schema\\\/logo\\\/image\\\/\"}}]}<\/script>\n<!-- \/ Yoast SEO plugin. -->","yoast_head_json":{"title":"Contacts V\u00e9locit\u00e9 Narbonne","description":"Retrouvez tous les contacts de V\u00e9locit\u00e9 Narbonne sur cette page. N'h\u00e9sitez pas \u00e0 envoyer un petit message, \u00e7a nous fera plaisir.","robots":{"index":"index","follow":"follow","max-snippet":"max-snippet:-1","max-image-preview":"max-image-preview:large","max-video-preview":"max-video-preview:-1"},"canonical":"https:\/\/velocite-narbonne.fr\/index.php\/contacts-velocite-narbonne\/","og_locale":"fr_FR","og_type":"article","og_title":"Contacts V\u00e9locit\u00e9 Narbonne","og_description":"Retrouvez tous les contacts de V\u00e9locit\u00e9 Narbonne sur cette page. N'h\u00e9sitez pas \u00e0 envoyer un petit message, \u00e7a nous fera plaisir.","og_url":"https:\/\/velocite-narbonne.fr\/index.php\/contacts-velocite-narbonne\/","og_site_name":"V\u00e9locit\u00e9 Narbonne","article_modified_time":"2025-11-28T17:01:07+00:00","og_image":[{"width":524,"height":495,"url":"https:\/\/velocite-narbonne.fr\/wp-content\/uploads\/2022\/11\/Velo-postal.jpg","type":"image\/jpeg"}],"twitter_card":"summary_large_image","twitter_misc":{"Dur\u00e9e de lecture estim\u00e9e":"1 minute"},"schema":{"@context":"https:\/\/schema.org","@graph":[{"@type":"WebPage","@id":"https:\/\/velocite-narbonne.fr\/index.php\/contacts-velocite-narbonne\/","url":"https:\/\/velocite-narbonne.fr\/index.php\/contacts-velocite-narbonne\/","name":"Contacts V\u00e9locit\u00e9 Narbonne","isPartOf":{"@id":"https:\/\/velocite-narbonne.fr\/#website"},"primaryImageOfPage":{"@id":"https:\/\/velocite-narbonne.fr\/index.php\/contacts-velocite-narbonne\/#primaryimage"},"image":{"@id":"https:\/\/velocite-narbonne.fr\/index.php\/contacts-velocite-narbonne\/#primaryimage"},"thumbnailUrl":"https:\/\/velocite-narbonne.fr\/wp-content\/uploads\/2022\/11\/Velo-postal.jpg","datePublished":"2014-10-15T14:45:33+00:00","dateModified":"2025-11-28T17:01:07+00:00","description":"Retrouvez tous les contacts de V\u00e9locit\u00e9 Narbonne sur cette page. N'h\u00e9sitez pas \u00e0 envoyer un petit message, \u00e7a nous fera plaisir.","breadcrumb":{"@id":"https:\/\/velocite-narbonne.fr\/index.php\/contacts-velocite-narbonne\/#breadcrumb"},"inLanguage":"fr-FR","potentialAction":[{"@type":"ReadAction","target":["https:\/\/velocite-narbonne.fr\/index.php\/contacts-velocite-narbonne\/"]}]},{"@type":"ImageObject","inLanguage":"fr-FR","@id":"https:\/\/velocite-narbonne.fr\/index.php\/contacts-velocite-narbonne\/#primaryimage","url":"https:\/\/velocite-narbonne.fr\/wp-content\/uploads\/2022\/11\/Velo-postal.jpg","contentUrl":"https:\/\/velocite-narbonne.fr\/wp-content\/uploads\/2022\/11\/Velo-postal.jpg","width":524,"height":495},{"@type":"BreadcrumbList","@id":"https:\/\/velocite-narbonne.fr\/index.php\/contacts-velocite-narbonne\/#breadcrumb","itemListElement":[{"@type":"ListItem","position":1,"name":"Accueil","item":"https:\/\/velocite-narbonne.fr\/"},{"@type":"ListItem","position":2,"name":"Contacts"}]},{"@type":"WebSite","@id":"https:\/\/velocite-narbonne.fr\/#website","url":"https:\/\/velocite-narbonne.fr\/","name":"V\u00e9locit\u00e9 Narbonne","description":"L&#039;association v\u00e9lo du Grand Narbonne","publisher":{"@id":"https:\/\/velocite-narbonne.fr\/#organization"},"potentialAction":[{"@type":"SearchAction","target":{"@type":"EntryPoint","urlTemplate":"https:\/\/velocite-narbonne.fr\/?s={search_term_string}"},"query-input":{"@type":"PropertyValueSpecification","valueRequired":true,"valueName":"search_term_string"}}],"inLanguage":"fr-FR"},{"@type":"Organization","@id":"https:\/\/velocite-narbonne.fr\/#organization","name":"V\u00e9locit\u00e9 Narbonne","url":"https:\/\/velocite-narbonne.fr\/","logo":{"@type":"ImageObject","inLanguage":"fr-FR","@id":"https:\/\/velocite-narbonne.fr\/#\/schema\/logo\/image\/","url":"https:\/\/velocite-narbonne.fr\/wp-content\/uploads\/2021\/10\/cropped-Logo-velocite.png","contentUrl":"https:\/\/velocite-narbonne.fr\/wp-content\/uploads\/2021\/10\/cropped-Logo-velocite.png","width":649,"height":216,"caption":"V\u00e9locit\u00e9 Narbonne"},"image":{"@id":"https:\/\/velocite-narbonne.fr\/#\/schema\/logo\/image\/"}}]}},"_links":{"self":[{"href":"https:\/\/velocite-narbonne.fr\/index.php\/wp-json\/wp\/v2\/pages\/14","targetHints":{"allow":["GET"]}}],"collection":[{"href":"https:\/\/velocite-narbonne.fr\/index.php\/wp-json\/wp\/v2\/pages"}],"about":[{"href":"https:\/\/velocite-narbonne.fr\/index.php\/wp-json\/wp\/v2\/types\/page"}],"author":[{"embeddable":true,"href":"https:\/\/velocite-narbonne.fr\/index.php\/wp-json\/wp\/v2\/users\/20"}],"replies":[{"embeddable":true,"href":"https:\/\/velocite-narbonne.fr\/index.php\/wp-json\/wp\/v2\/comments?post=14"}],"version-history":[{"count":10,"href":"https:\/\/velocite-narbonne.fr\/index.php\/wp-json\/wp\/v2\/pages\/14\/revisions"}],"predecessor-version":[{"id":3472,"href":"https:\/\/velocite-narbonne.fr\/index.php\/wp-json\/wp\/v2\/pages\/14\/revisions\/3472"}],"wp:featuredmedia":[{"embeddable":true,"href":"https:\/\/velocite-narbonne.fr\/index.php\/wp-json\/wp\/v2\/media\/1933"}],"wp:attachment":[{"href":"https:\/\/velocite-narbonne.fr\/index.php\/wp-json\/wp\/v2\/media?parent=14"}],"curies":[{"name":"wp","href":"https:\/\/api.w.org\/{rel}","templated":true}]}}